{"id":2326,"date":"2023-12-03T00:16:05","date_gmt":"2023-12-02T23:16:05","guid":{"rendered":"https:\/\/www.noonsilk.com\/?post_type=product&#038;p=2326"},"modified":"2025-12-04T11:39:02","modified_gmt":"2025-12-04T10:39:02","slug":"large-small-scrunchie-set","status":"publish","type":"product","link":"https:\/\/www.noonsilk.com\/pl\/produkt\/large-small-scrunchie-set\/","title":{"rendered":"Gumka du\u017ca i gumka ma\u0142a"},"content":{"rendered":"","protected":false},"excerpt":{"rendered":"<p class=\"p1\">Zanurz si\u0119 w \u015bwi\u0105tecznym klimacie z nasz\u0105 kolekcj\u0105 jedwabnych akcesori\u00f3w, gdzie ka\u017cdy detal zosta\u0142 starannie zaprojektowany, by\u015b m\u00f3g\u0142 \u015bwi\u0119towa\u0107 w stylu i komforcie.<\/p>\n<p>&nbsp;<\/p>\n<p>W tym zestawie znajdziesz:<br \/>\nDu\u017c\u0105 gumk\u0119 w zestawie z ma\u0142\u0105 gumk\u0105.<br \/>\nWybierz sw\u00f3j wymarzony kolor.<\/p>\n<p>&nbsp;<\/p>\n<p><strong>Uszyto w Polsce.<\/strong><\/p>\n<p>Ka\u017cdy zestaw zostanie przez nas zapakowany w eleganckie opakowanie prezentowe.<\/p>","protected":false},"featured_media":2330,"template":"","meta":{"_monsterinsights_skip_tracking":false,"_monsterinsights_sitenote_active":false,"_monsterinsights_sitenote_note":"","_monsterinsights_sitenote_category":0},"product_brand":[],"product_cat":[284],"product_tag":[],"class_list":{"0":"post-2326","1":"product","2":"type-product","3":"status-publish","4":"has-post-thumbnail","6":"product_cat-christmas","8":"first","9":"instock","10":"purchasable","11":"product-type-variable","12":"has-default-attributes"},"yoast_head":"<!-- This site is optimized with the Yoast SEO plugin v21.2 - https:\/\/yoast.com\/wordpress\/plugins\/seo\/ -->\n<title>Gumka du\u017ca i gumka ma\u0142a -<\/title>\n<meta name=\"robots\" content=\"index, follow, max-snippet:-1, max-image-preview:large, max-video-preview:-1\" \/>\n<link rel=\"canonical\" href=\"https:\/\/www.noonsilk.com\/pl\/produkt\/large-small-scrunchie-set\/\" \/>\n<meta property=\"og:locale\" content=\"pl_PL\" \/>\n<meta property=\"og:type\" content=\"article\" \/>\n<meta property=\"og:title\" content=\"Gumka du\u017ca i gumka ma\u0142a -\" \/>\n<meta property=\"og:description\" content=\"Zanurz si\u0119 w \u015bwi\u0105tecznym klimacie z nasz\u0105 kolekcj\u0105 jedwabnych akcesori\u00f3w, gdzie ka\u017cdy detal zosta\u0142 starannie zaprojektowany, by\u015b m\u00f3g\u0142 \u015bwi\u0119towa\u0107 w stylu i komforcie. &nbsp;  W tym zestawie znajdziesz: Du\u017c\u0105 gumk\u0119 w zestawie z ma\u0142\u0105 gumk\u0105. Wybierz sw\u00f3j wymarzony kolor.  &nbsp;  Made in Poland  Ka\u017cdy zestaw zostanie przez nas zapakowany w eleganckie opakowanie prezentowe.\" \/>\n<meta property=\"og:url\" content=\"https:\/\/www.noonsilk.com\/pl\/produkt\/large-small-scrunchie-set\/\" \/>\n<meta property=\"article:publisher\" content=\"https:\/\/www.facebook.com\/105396738135143\" \/>\n<meta property=\"article:modified_time\" content=\"2025-12-04T10:39:02+00:00\" \/>\n<meta property=\"og:image\" content=\"https:\/\/www.noonsilk.com\/wp-content\/uploads\/2023\/12\/duza_gumka_mala_gumka.png\" \/>\n\t<meta property=\"og:image:width\" content=\"1000\" \/>\n\t<meta property=\"og:image:height\" content=\"1500\" \/>\n\t<meta property=\"og:image:type\" content=\"image\/png\" \/>\n<meta name=\"twitter:card\" content=\"summary_large_image\" \/>\n<script type=\"application\/ld+json\" class=\"yoast-schema-graph\">{\"@context\":\"https:\/\/schema.org\",\"@graph\":[{\"@type\":\"WebPage\",\"@id\":\"https:\/\/www.noonsilk.com\/product\/large-small-scrunchie-set\/\",\"url\":\"https:\/\/www.noonsilk.com\/product\/large-small-scrunchie-set\/\",\"name\":\"Gumka du\u017ca i gumka ma\u0142a -\",\"isPartOf\":{\"@id\":\"https:\/\/www.noonsilk.com\/en\/#website\"},\"datePublished\":\"2023-12-02T23:16:05+00:00\",\"dateModified\":\"2025-12-04T10:39:02+00:00\",\"breadcrumb\":{\"@id\":\"https:\/\/www.noonsilk.com\/product\/large-small-scrunchie-set\/#breadcrumb\"},\"inLanguage\":\"pl-PL\",\"potentialAction\":[{\"@type\":\"ReadAction\",\"target\":[\"https:\/\/www.noonsilk.com\/product\/large-small-scrunchie-set\/\"]}]},{\"@type\":\"BreadcrumbList\",\"@id\":\"https:\/\/www.noonsilk.com\/product\/large-small-scrunchie-set\/#breadcrumb\",\"itemListElement\":[{\"@type\":\"ListItem\",\"position\":1,\"name\":\"Strona g\u0142\u00f3wna\",\"item\":\"https:\/\/www.noonsilk.com\/\"},{\"@type\":\"ListItem\",\"position\":2,\"name\":\"Shop\",\"item\":\"https:\/\/www.noonsilk.com\/pl\/shop\/\"},{\"@type\":\"ListItem\",\"position\":3,\"name\":\"Gumka du\u017ca i gumka ma\u0142a\"}]},{\"@type\":\"WebSite\",\"@id\":\"https:\/\/www.noonsilk.com\/en\/#website\",\"url\":\"https:\/\/www.noonsilk.com\/en\/\",\"name\":\"\",\"description\":\"Noon\",\"publisher\":{\"@id\":\"https:\/\/www.noonsilk.com\/en\/#organization\"},\"potentialAction\":[{\"@type\":\"SearchAction\",\"target\":{\"@type\":\"EntryPoint\",\"urlTemplate\":\"https:\/\/www.noonsilk.com\/en\/?s={search_term_string}\"},\"query-input\":\"required name=search_term_string\"}],\"inLanguage\":\"pl-PL\"},{\"@type\":\"Organization\",\"@id\":\"https:\/\/www.noonsilk.com\/en\/#organization\",\"name\":\"Noon\",\"url\":\"https:\/\/www.noonsilk.com\/en\/\",\"logo\":{\"@type\":\"ImageObject\",\"inLanguage\":\"pl-PL\",\"@id\":\"https:\/\/www.noonsilk.com\/en\/#\/schema\/logo\/image\/\",\"url\":\"https:\/\/www.noonsilk.com\/wp-content\/uploads\/2021\/06\/cropped-logo_biale.jpg\",\"contentUrl\":\"https:\/\/www.noonsilk.com\/wp-content\/uploads\/2021\/06\/cropped-logo_biale.jpg\",\"width\":512,\"height\":512,\"caption\":\"Noon\"},\"image\":{\"@id\":\"https:\/\/www.noonsilk.com\/en\/#\/schema\/logo\/image\/\"},\"sameAs\":[\"https:\/\/www.facebook.com\/105396738135143\",\"https:\/\/www.instagram.com\/noon.silk\/\"]}]}<\/script>\n<!-- \/ Yoast SEO plugin. -->","yoast_head_json":{"title":"Gumka du\u017ca i gumka ma\u0142a -","robots":{"index":"index","follow":"follow","max-snippet":"max-snippet:-1","max-image-preview":"max-image-preview:large","max-video-preview":"max-video-preview:-1"},"canonical":"https:\/\/www.noonsilk.com\/pl\/produkt\/large-small-scrunchie-set\/","og_locale":"pl_PL","og_type":"article","og_title":"Gumka du\u017ca i gumka ma\u0142a -","og_description":"Zanurz si\u0119 w \u015bwi\u0105tecznym klimacie z nasz\u0105 kolekcj\u0105 jedwabnych akcesori\u00f3w, gdzie ka\u017cdy detal zosta\u0142 starannie zaprojektowany, by\u015b m\u00f3g\u0142 \u015bwi\u0119towa\u0107 w stylu i komforcie. &nbsp;  W tym zestawie znajdziesz: Du\u017c\u0105 gumk\u0119 w zestawie z ma\u0142\u0105 gumk\u0105. Wybierz sw\u00f3j wymarzony kolor.  &nbsp;  Made in Poland  Ka\u017cdy zestaw zostanie przez nas zapakowany w eleganckie opakowanie prezentowe.","og_url":"https:\/\/www.noonsilk.com\/pl\/produkt\/large-small-scrunchie-set\/","article_publisher":"https:\/\/www.facebook.com\/105396738135143","article_modified_time":"2025-12-04T10:39:02+00:00","og_image":[{"width":1000,"height":1500,"url":"https:\/\/www.noonsilk.com\/wp-content\/uploads\/2023\/12\/duza_gumka_mala_gumka.png","type":"image\/png"}],"twitter_card":"summary_large_image","schema":{"@context":"https:\/\/schema.org","@graph":[{"@type":"WebPage","@id":"https:\/\/www.noonsilk.com\/product\/large-small-scrunchie-set\/","url":"https:\/\/www.noonsilk.com\/product\/large-small-scrunchie-set\/","name":"Gumka du\u017ca i gumka ma\u0142a -","isPartOf":{"@id":"https:\/\/www.noonsilk.com\/en\/#website"},"datePublished":"2023-12-02T23:16:05+00:00","dateModified":"2025-12-04T10:39:02+00:00","breadcrumb":{"@id":"https:\/\/www.noonsilk.com\/product\/large-small-scrunchie-set\/#breadcrumb"},"inLanguage":"pl-PL","potentialAction":[{"@type":"ReadAction","target":["https:\/\/www.noonsilk.com\/product\/large-small-scrunchie-set\/"]}]},{"@type":"BreadcrumbList","@id":"https:\/\/www.noonsilk.com\/product\/large-small-scrunchie-set\/#breadcrumb","itemListElement":[{"@type":"ListItem","position":1,"name":"Strona g\u0142\u00f3wna","item":"https:\/\/www.noonsilk.com\/"},{"@type":"ListItem","position":2,"name":"Shop","item":"https:\/\/www.noonsilk.com\/pl\/shop\/"},{"@type":"ListItem","position":3,"name":"Gumka du\u017ca i gumka ma\u0142a"}]},{"@type":"WebSite","@id":"https:\/\/www.noonsilk.com\/en\/#website","url":"https:\/\/www.noonsilk.com\/en\/","name":"","description":"Noon","publisher":{"@id":"https:\/\/www.noonsilk.com\/en\/#organization"},"potentialAction":[{"@type":"SearchAction","target":{"@type":"EntryPoint","urlTemplate":"https:\/\/www.noonsilk.com\/en\/?s={search_term_string}"},"query-input":"required name=search_term_string"}],"inLanguage":"pl-PL"},{"@type":"Organization","@id":"https:\/\/www.noonsilk.com\/en\/#organization","name":"Noon","url":"https:\/\/www.noonsilk.com\/en\/","logo":{"@type":"ImageObject","inLanguage":"pl-PL","@id":"https:\/\/www.noonsilk.com\/en\/#\/schema\/logo\/image\/","url":"https:\/\/www.noonsilk.com\/wp-content\/uploads\/2021\/06\/cropped-logo_biale.jpg","contentUrl":"https:\/\/www.noonsilk.com\/wp-content\/uploads\/2021\/06\/cropped-logo_biale.jpg","width":512,"height":512,"caption":"Noon"},"image":{"@id":"https:\/\/www.noonsilk.com\/en\/#\/schema\/logo\/image\/"},"sameAs":["https:\/\/www.facebook.com\/105396738135143","https:\/\/www.instagram.com\/noon.silk\/"]}]}},"jetpack_sharing_enabled":true,"_links":{"self":[{"href":"https:\/\/www.noonsilk.com\/pl\/wp-json\/wp\/v2\/product\/2326","targetHints":{"allow":["GET"]}}],"collection":[{"href":"https:\/\/www.noonsilk.com\/pl\/wp-json\/wp\/v2\/product"}],"about":[{"href":"https:\/\/www.noonsilk.com\/pl\/wp-json\/wp\/v2\/types\/product"}],"wp:featuredmedia":[{"embeddable":true,"href":"https:\/\/www.noonsilk.com\/pl\/wp-json\/wp\/v2\/media\/2330"}],"wp:attachment":[{"href":"https:\/\/www.noonsilk.com\/pl\/wp-json\/wp\/v2\/media?parent=2326"}],"wp:term":[{"taxonomy":"product_brand","embeddable":true,"href":"https:\/\/www.noonsilk.com\/pl\/wp-json\/wp\/v2\/product_brand?post=2326"},{"taxonomy":"product_cat","embeddable":true,"href":"https:\/\/www.noonsilk.com\/pl\/wp-json\/wp\/v2\/product_cat?post=2326"},{"taxonomy":"product_tag","embeddable":true,"href":"https:\/\/www.noonsilk.com\/pl\/wp-json\/wp\/v2\/product_tag?post=2326"}],"curies":[{"name":"wp","href":"https:\/\/api.w.org\/{rel}","templated":true}]}}