{"id":1495,"date":"2021-11-18T21:13:20","date_gmt":"2021-11-18T20:13:20","guid":{"rendered":"https:\/\/www.noonsilk.com\/?post_type=product&#038;p=1495"},"modified":"2025-09-27T21:52:10","modified_gmt":"2025-09-27T19:52:10","slug":"silk-scrunchie-largevanilla","status":"publish","type":"product","link":"https:\/\/www.noonsilk.com\/pl\/produkt\/silk-scrunchie-largevanilla\/","title":{"rendered":"Gumka du\u017ca <br>Vanilla"},"content":{"rendered":"","protected":false},"excerpt":{"rendered":"<p class=\"p1\">Jedwabna du\u017ca gumka do w\u0142os\u00f3w, kt\u00f3ra b\u0119dzie eleganckim i delikatnym wyko\u0144czeniem ka\u017cdej dziennej i wieczorowej stylizacji.<\/p>\n<p class=\"p1\">Jedwabna gumka nie niszczy w\u0142os\u00f3w i nie zagniata ich w miejscu zwi\u0105zania.<\/p>\n<p class=\"p1\"><strong>Gumka uszyta w Polsce.<\/strong><\/p>\n<p>&nbsp;<\/p>","protected":false},"featured_media":1846,"template":"","meta":{"_monsterinsights_skip_tracking":false,"_monsterinsights_sitenote_active":false,"_monsterinsights_sitenote_note":"","_monsterinsights_sitenote_category":0},"product_brand":[],"product_cat":[220],"product_tag":[],"class_list":{"0":"post-1495","1":"product","2":"type-product","3":"status-publish","4":"has-post-thumbnail","6":"product_cat-scrunchies","8":"first","9":"instock","10":"taxable","11":"shipping-taxable","12":"purchasable","13":"product-type-simple"},"yoast_head":"<!-- This site is optimized with the Yoast SEO plugin v21.2 - https:\/\/yoast.com\/wordpress\/plugins\/seo\/ -->\n<title>Silk scrunchie large Vanilla -<\/title>\n<meta name=\"robots\" content=\"index, follow, max-snippet:-1, max-image-preview:large, max-video-preview:-1\" \/>\n<link rel=\"canonical\" href=\"https:\/\/www.noonsilk.com\/pl\/produkt\/silk-scrunchie-largevanilla\/\" \/>\n<meta property=\"og:locale\" content=\"pl_PL\" \/>\n<meta property=\"og:type\" content=\"article\" \/>\n<meta property=\"og:title\" content=\"Silk scrunchie large Vanilla -\" \/>\n<meta property=\"og:description\" content=\"A big silk scrunchie will be an elegant and delicate to any day and evening styling. The silk scrunchie does not damage the hair and does not crush it at the tied point. Made in Poland. &nbsp;\" \/>\n<meta property=\"og:url\" content=\"https:\/\/www.noonsilk.com\/pl\/produkt\/silk-scrunchie-largevanilla\/\" \/>\n<meta property=\"article:publisher\" content=\"https:\/\/www.facebook.com\/105396738135143\" \/>\n<meta property=\"article:modified_time\" content=\"2025-09-27T19:52:10+00:00\" \/>\n<meta property=\"og:image\" content=\"https:\/\/www.noonsilk.com\/wp-content\/uploads\/2021\/11\/gumka-duza-kremowa.png\" \/>\n\t<meta property=\"og:image:width\" content=\"1000\" \/>\n\t<meta property=\"og:image:height\" content=\"1500\" \/>\n\t<meta property=\"og:image:type\" content=\"image\/png\" \/>\n<meta name=\"twitter:card\" content=\"summary_large_image\" \/>\n<script type=\"application\/ld+json\" class=\"yoast-schema-graph\">{\"@context\":\"https:\/\/schema.org\",\"@graph\":[{\"@type\":\"WebPage\",\"@id\":\"https:\/\/www.noonsilk.com\/pl\/produkt\/silk-scrunchie-largevanilla\/\",\"url\":\"https:\/\/www.noonsilk.com\/pl\/produkt\/silk-scrunchie-largevanilla\/\",\"name\":\"Silk scrunchie large Vanilla -\",\"isPartOf\":{\"@id\":\"https:\/\/www.noonsilk.com\/en\/#website\"},\"datePublished\":\"2021-11-18T20:13:20+00:00\",\"dateModified\":\"2025-09-27T19:52:10+00:00\",\"breadcrumb\":{\"@id\":\"https:\/\/www.noonsilk.com\/pl\/produkt\/silk-scrunchie-largevanilla\/#breadcrumb\"},\"inLanguage\":\"pl-PL\",\"potentialAction\":[{\"@type\":\"ReadAction\",\"target\":[\"https:\/\/www.noonsilk.com\/pl\/produkt\/silk-scrunchie-largevanilla\/\"]}]},{\"@type\":\"BreadcrumbList\",\"@id\":\"https:\/\/www.noonsilk.com\/pl\/produkt\/silk-scrunchie-largevanilla\/#breadcrumb\",\"itemListElement\":[{\"@type\":\"ListItem\",\"position\":1,\"name\":\"Strona g\u0142\u00f3wna\",\"item\":\"https:\/\/www.noonsilk.com\/\"},{\"@type\":\"ListItem\",\"position\":2,\"name\":\"Shop\",\"item\":\"https:\/\/www.noonsilk.com\/pl\/shop\/\"},{\"@type\":\"ListItem\",\"position\":3,\"name\":\"Silk scrunchie large Vanilla\"}]},{\"@type\":\"WebSite\",\"@id\":\"https:\/\/www.noonsilk.com\/en\/#website\",\"url\":\"https:\/\/www.noonsilk.com\/en\/\",\"name\":\"\",\"description\":\"Noon\",\"publisher\":{\"@id\":\"https:\/\/www.noonsilk.com\/en\/#organization\"},\"potentialAction\":[{\"@type\":\"SearchAction\",\"target\":{\"@type\":\"EntryPoint\",\"urlTemplate\":\"https:\/\/www.noonsilk.com\/en\/?s={search_term_string}\"},\"query-input\":\"required name=search_term_string\"}],\"inLanguage\":\"pl-PL\"},{\"@type\":\"Organization\",\"@id\":\"https:\/\/www.noonsilk.com\/en\/#organization\",\"name\":\"Noon\",\"url\":\"https:\/\/www.noonsilk.com\/en\/\",\"logo\":{\"@type\":\"ImageObject\",\"inLanguage\":\"pl-PL\",\"@id\":\"https:\/\/www.noonsilk.com\/en\/#\/schema\/logo\/image\/\",\"url\":\"https:\/\/www.noonsilk.com\/wp-content\/uploads\/2021\/06\/cropped-logo_biale.jpg\",\"contentUrl\":\"https:\/\/www.noonsilk.com\/wp-content\/uploads\/2021\/06\/cropped-logo_biale.jpg\",\"width\":512,\"height\":512,\"caption\":\"Noon\"},\"image\":{\"@id\":\"https:\/\/www.noonsilk.com\/en\/#\/schema\/logo\/image\/\"},\"sameAs\":[\"https:\/\/www.facebook.com\/105396738135143\",\"https:\/\/www.instagram.com\/noon.silk\/\"]}]}<\/script>\n<!-- \/ Yoast SEO plugin. -->","yoast_head_json":{"title":"Silk scrunchie large Vanilla -","robots":{"index":"index","follow":"follow","max-snippet":"max-snippet:-1","max-image-preview":"max-image-preview:large","max-video-preview":"max-video-preview:-1"},"canonical":"https:\/\/www.noonsilk.com\/pl\/produkt\/silk-scrunchie-largevanilla\/","og_locale":"pl_PL","og_type":"article","og_title":"Silk scrunchie large Vanilla -","og_description":"A big silk scrunchie will be an elegant and delicate to any day and evening styling. The silk scrunchie does not damage the hair and does not crush it at the tied point. Made in Poland. &nbsp;","og_url":"https:\/\/www.noonsilk.com\/pl\/produkt\/silk-scrunchie-largevanilla\/","article_publisher":"https:\/\/www.facebook.com\/105396738135143","article_modified_time":"2025-09-27T19:52:10+00:00","og_image":[{"width":1000,"height":1500,"url":"https:\/\/www.noonsilk.com\/wp-content\/uploads\/2021\/11\/gumka-duza-kremowa.png","type":"image\/png"}],"twitter_card":"summary_large_image","schema":{"@context":"https:\/\/schema.org","@graph":[{"@type":"WebPage","@id":"https:\/\/www.noonsilk.com\/pl\/produkt\/silk-scrunchie-largevanilla\/","url":"https:\/\/www.noonsilk.com\/pl\/produkt\/silk-scrunchie-largevanilla\/","name":"Silk scrunchie large Vanilla -","isPartOf":{"@id":"https:\/\/www.noonsilk.com\/en\/#website"},"datePublished":"2021-11-18T20:13:20+00:00","dateModified":"2025-09-27T19:52:10+00:00","breadcrumb":{"@id":"https:\/\/www.noonsilk.com\/pl\/produkt\/silk-scrunchie-largevanilla\/#breadcrumb"},"inLanguage":"pl-PL","potentialAction":[{"@type":"ReadAction","target":["https:\/\/www.noonsilk.com\/pl\/produkt\/silk-scrunchie-largevanilla\/"]}]},{"@type":"BreadcrumbList","@id":"https:\/\/www.noonsilk.com\/pl\/produkt\/silk-scrunchie-largevanilla\/#breadcrumb","itemListElement":[{"@type":"ListItem","position":1,"name":"Strona g\u0142\u00f3wna","item":"https:\/\/www.noonsilk.com\/"},{"@type":"ListItem","position":2,"name":"Shop","item":"https:\/\/www.noonsilk.com\/pl\/shop\/"},{"@type":"ListItem","position":3,"name":"Silk scrunchie large Vanilla"}]},{"@type":"WebSite","@id":"https:\/\/www.noonsilk.com\/en\/#website","url":"https:\/\/www.noonsilk.com\/en\/","name":"","description":"Noon","publisher":{"@id":"https:\/\/www.noonsilk.com\/en\/#organization"},"potentialAction":[{"@type":"SearchAction","target":{"@type":"EntryPoint","urlTemplate":"https:\/\/www.noonsilk.com\/en\/?s={search_term_string}"},"query-input":"required name=search_term_string"}],"inLanguage":"pl-PL"},{"@type":"Organization","@id":"https:\/\/www.noonsilk.com\/en\/#organization","name":"Noon","url":"https:\/\/www.noonsilk.com\/en\/","logo":{"@type":"ImageObject","inLanguage":"pl-PL","@id":"https:\/\/www.noonsilk.com\/en\/#\/schema\/logo\/image\/","url":"https:\/\/www.noonsilk.com\/wp-content\/uploads\/2021\/06\/cropped-logo_biale.jpg","contentUrl":"https:\/\/www.noonsilk.com\/wp-content\/uploads\/2021\/06\/cropped-logo_biale.jpg","width":512,"height":512,"caption":"Noon"},"image":{"@id":"https:\/\/www.noonsilk.com\/en\/#\/schema\/logo\/image\/"},"sameAs":["https:\/\/www.facebook.com\/105396738135143","https:\/\/www.instagram.com\/noon.silk\/"]}]}},"jetpack_sharing_enabled":true,"_links":{"self":[{"href":"https:\/\/www.noonsilk.com\/pl\/wp-json\/wp\/v2\/product\/1495","targetHints":{"allow":["GET"]}}],"collection":[{"href":"https:\/\/www.noonsilk.com\/pl\/wp-json\/wp\/v2\/product"}],"about":[{"href":"https:\/\/www.noonsilk.com\/pl\/wp-json\/wp\/v2\/types\/product"}],"wp:featuredmedia":[{"embeddable":true,"href":"https:\/\/www.noonsilk.com\/pl\/wp-json\/wp\/v2\/media\/1846"}],"wp:attachment":[{"href":"https:\/\/www.noonsilk.com\/pl\/wp-json\/wp\/v2\/media?parent=1495"}],"wp:term":[{"taxonomy":"product_brand","embeddable":true,"href":"https:\/\/www.noonsilk.com\/pl\/wp-json\/wp\/v2\/product_brand?post=1495"},{"taxonomy":"product_cat","embeddable":true,"href":"https:\/\/www.noonsilk.com\/pl\/wp-json\/wp\/v2\/product_cat?post=1495"},{"taxonomy":"product_tag","embeddable":true,"href":"https:\/\/www.noonsilk.com\/pl\/wp-json\/wp\/v2\/product_tag?post=1495"}],"curies":[{"name":"wp","href":"https:\/\/api.w.org\/{rel}","templated":true}]}}