{"id":872,"date":"2021-09-08T20:45:39","date_gmt":"2021-09-08T18:45:39","guid":{"rendered":"https:\/\/www.noonsilk.com\/?page_id=872"},"modified":"2022-01-16T22:05:14","modified_gmt":"2022-01-16T21:05:14","slug":"care","status":"publish","type":"page","link":"https:\/\/www.noonsilk.com\/pl\/care\/","title":{"rendered":"PIEL\u0118GNACJA"},"content":{"rendered":"<div class=\"row wpb_row row-fluid no-row-padding full-width-row no-column-padding vc_custom_1632602937389 row-has-fill\"><div class=\"wpb_column columns medium-12 thb-dark-column small-12\"><div class=\"vc_column-inner\"><div class=\"wpb_wrapper\"><div class=\"vc_empty_space\" id=\"thb-empty-space-69f49a51836ac\"  style=\"height: 30px\" ><span class=\"vc_empty_space_inner\"><\/span><\/div>\n<\/div><\/div><\/div><\/div><div class=\"row wpb_row row-fluid align-justify full-width-row vc_custom_1632679463444 row-has-fill row-o-content-middle row-flex\"><div class=\"wpb_column columns medium-6 thb-dark-column small-12\"><div class=\"vc_column-inner\"><div class=\"wpb_wrapper\"><div class=\"vc_empty_space  vc_custom_1632602957096\" id=\"thb-empty-space-69f49a5183e43\"  style=\"height: 26px\" ><span class=\"vc_empty_space_inner\"><\/span><\/div>\n<div class=\"row wpb_row vc_inner row-fluid max_width\"><div class=\"wpb_column columns medium-3 thb-dark-column small-12\"><div class=\"vc_column-inner\"><div class=\"wpb_wrapper\"><\/div><\/div><\/div><div class=\"wpb_column columns medium-9 thb-dark-column small-12\"><div class=\"vc_column-inner\"><div class=\"wpb_wrapper\">\n\t<div class=\"wpb_text_column wpb_content_element\" >\n\t\t<div class=\"wpb_wrapper\">\n\t\t\t<h1><em><strong>\"Od wielu lat...\"<\/strong><\/em><\/h1>\n<p>&nbsp;<\/p>\n<p class=\"p1\">Jedwab jest od lat uwa\u017cany za bardzo szlachetny i delikatny materia\u0142. Przez swoj\u0105 g\u0142adk\u0105 struktur\u0119 i po\u0142ysk jest kojarzony z dobrobytem i luksusem.<\/p>\n\n\t\t<\/div>\n\t<\/div>\n<\/div><\/div><\/div><\/div><div class=\"vc_empty_space\" id=\"thb-empty-space-69f49a5184cb9\"  style=\"height: 26px\" ><span class=\"vc_empty_space_inner\"><\/span><\/div>\n<\/div><\/div><\/div><div class=\"wpb_column columns medium-6 thb-dark-column small-12\"><div class=\"vc_column-inner\"><div class=\"wpb_wrapper\">\t<div id=\"thb-image-69f49a5184f8d\" class=\"caption-style1  alignleft   thb_image_link wp-caption\">\n\t\t\t<div class=\"thb-image-inner size_100\">\n\t\t\t<img loading=\"lazy\" decoding=\"async\" width=\"1110\" height=\"1570\" src=\"data:image\/gif;base64,R0lGODlhAQABAAAAACH5BAEKAAEALAAAAAABAAEAAAICTAEAOw==\" class=\"thb_image retina_size   attachment-full thb-lazyload lazyload\" alt=\"\" title=\"3\" data-src=\"https:\/\/www.noonsilk.com\/wp-content\/uploads\/2021\/06\/3-e1630954459269.jpg\" data-sizes=\"auto\" \/>\t\t\t\t\t<\/div>\n\t\t\t\t\t<\/div>\n  <\/div><\/div><\/div><\/div><div class=\"row wpb_row row-fluid align-justify full-width-row vc_custom_1639009768613 row-has-fill\"><div class=\"wpb_column columns medium-8 thb-dark-column small-12\"><div class=\"vc_column-inner  vc_custom_1632678724722\"><div class=\"wpb_wrapper\"><div class=\"vc_empty_space  vc_custom_1630952329818\" id=\"thb-empty-space-69f49a5185ed4\"  style=\"height: 26px\" ><span class=\"vc_empty_space_inner\"><\/span><\/div>\n\t<div id=\"thb-image-69f49a5185f29\" class=\"caption-style1  alignleft   thb_image_link wp-caption\">\n\t\t\t<div class=\"thb-image-inner size_100\">\n\t\t\t<img loading=\"lazy\" decoding=\"async\" class=\"thb_image retina_size    lazyload\" src=\"data:image\/gif;base64,R0lGODlhAQABAAAAACH5BAEKAAEALAAAAAABAAEAAAICTAEAOw==\" data-src=\"https:\/\/www.noonsilk.com\/wp-content\/uploads\/2021\/06\/1-scaled-1100x1570.jpg\" width=\"1100\" height=\"1570\" alt=\"1\" title=\"1\" \/>\t\t\t\t\t<\/div>\n\t\t\t\t\t<\/div>\n  <\/div><\/div><\/div><div class=\"wpb_column columns medium-4 thb-dark-column small-12\"><div class=\"vc_column-inner  vc_custom_1632678650492\"><div class=\"wpb_wrapper\"><div class=\"row wpb_row vc_inner row-fluid max_width\"><div class=\"wpb_column columns medium-10 thb-dark-column small-12\"><div class=\"vc_column-inner  vc_custom_1632678991807\"><div class=\"wpb_wrapper\">\n\t<div class=\"wpb_text_column wpb_content_element   vc_custom_1639009752940\" >\n\t\t<div class=\"wpb_wrapper\">\n\t\t\t<p class=\"p1\">Postanowili\u015bmy wykorzysta\u0107 te cechy i stworzy\u0107 produkty, kt\u00f3re b\u0119d\u0105 dodatkiem do codziennych stylizacji, oraz b\u0119d\u0105 nam towarzyszy\u0107 w trakcie wypoczynku.<\/p>\n<p class=\"p1\">Piel\u0119gnacja jedwabiu nie nale\u017cy do naj\u0142atwiejszych, gdy\u017c \u0142atwo jest zniszczy\u0107 jego po\u0142ysk.<\/p>\n<p class=\"p1\">Naszym zaleceniem przy praniu produkt\u00f3w jest pranie w letniej wodzie bez u\u017cycia chemicznych \u015brodk\u00f3w do prania. Wystarczy odrobina delikatnego p\u0142ynu do prania lub myd\u0142a, aby materia\u0142 zosta\u0142 od\u015bwie\u017cony.<\/p>\n\n\t\t<\/div>\n\t<\/div>\n<\/div><\/div><\/div><div class=\"wpb_column columns medium-2 thb-dark-column small-12\"><div class=\"vc_column-inner\"><div class=\"wpb_wrapper\"><\/div><\/div><\/div><\/div><\/div><\/div><\/div><\/div><div class=\"row wpb_row row-fluid align-justify vc_custom_1582198694605\"><div class=\"wpb_column columns medium-8 thb-dark-column small-12\"><div class=\"vc_column-inner\"><div class=\"wpb_wrapper\"><div class=\"vc_empty_space  vc_custom_1630952329818\" id=\"thb-empty-space-69f49a518748d\"  style=\"height: 26px\" ><span class=\"vc_empty_space_inner\"><\/span><\/div>\n<\/div><\/div><\/div><div class=\"wpb_column columns medium-4 thb-dark-column small-12\"><div class=\"vc_column-inner\"><div class=\"wpb_wrapper\"><\/div><\/div><\/div><\/div><div class=\"row wpb_row row-fluid no-column-padding vc_custom_1639011174656 row-has-fill\"><div class=\"wpb_column columns medium-12 thb-dark-column small-12\"><div class=\"vc_column-inner\"><div class=\"wpb_wrapper thb-fixed\"><div class=\"row wpb_row vc_inner row-fluid row-o-content-bottom row-flex\"><div class=\"wpb_column columns medium-1\/5 thb-dark-column small-12\"><div class=\"vc_column-inner\"><div class=\"wpb_wrapper\">\t<div id=\"thb-image-69f49a5188022\" class=\"caption-style1  alignleft   thb_image_link wp-caption\">\n\t\t\t<div class=\"thb-image-inner size_100\">\n\t\t\t<img loading=\"lazy\" decoding=\"async\" width=\"191\" height=\"185\" src=\"data:image\/gif;base64,R0lGODlhAQABAAAAACH5BAEKAAEALAAAAAABAAEAAAICTAEAOw==\" class=\"thb_image retina_size   attachment-full thb-lazyload lazyload\" alt=\"\" title=\"shutt 2021-09-29 o 21.46.54\" data-src=\"https:\/\/www.noonsilk.com\/wp-content\/uploads\/2021\/09\/shutt-2021-09-29-o-21.46.54-e1638026534163.png\" data-sizes=\"auto\" \/>\t\t\t\t\t<\/div>\n\t\t\t\t\t<\/div>\n  <\/div><\/div><\/div><div class=\"wpb_column columns medium-1\/5 thb-dark-column small-12\"><div class=\"vc_column-inner\"><div class=\"wpb_wrapper\">\t<div id=\"thb-image-69f49a51889c7\" class=\"caption-style1  alignleft   thb_image_link wp-caption\">\n\t\t\t<div class=\"thb-image-inner size_100\">\n\t\t\t<img loading=\"lazy\" decoding=\"async\" width=\"191\" height=\"147\" src=\"data:image\/gif;base64,R0lGODlhAQABAAAAACH5BAEKAAEALAAAAAABAAEAAAICTAEAOw==\" class=\"thb_image retina_size   attachment-full thb-lazyload lazyload\" alt=\"\" title=\"shutt 2021-09-29 o 21.37.31\" data-src=\"https:\/\/www.noonsilk.com\/wp-content\/uploads\/2021\/09\/shutt-2021-09-29-o-21.37.31-e1639009894856.png\" data-sizes=\"auto\" \/>\t\t\t\t\t<\/div>\n\t\t\t\t\t<\/div>\n  <\/div><\/div><\/div><div class=\"wpb_column columns medium-1\/5 thb-dark-column small-12\"><div class=\"vc_column-inner\"><div class=\"wpb_wrapper\">\t<div id=\"thb-image-69f49a51891f0\" class=\"caption-style1  alignleft   thb_image_link wp-caption\">\n\t\t\t<div class=\"thb-image-inner size_100\">\n\t\t\t<img loading=\"lazy\" decoding=\"async\" width=\"191\" height=\"95\" src=\"data:image\/gif;base64,R0lGODlhAQABAAAAACH5BAEKAAEALAAAAAABAAEAAAICTAEAOw==\" class=\"thb_image retina_size   attachment-full thb-lazyload lazyload\" alt=\"\" title=\"shutt 2021-09-29 o 21.37.42\" data-src=\"https:\/\/www.noonsilk.com\/wp-content\/uploads\/2021\/09\/shutt-2021-09-29-o-21.37.42-e1639009910410.png\" data-sizes=\"auto\" \/>\t\t\t\t\t<\/div>\n\t\t\t\t\t<\/div>\n  <\/div><\/div><\/div><div class=\"wpb_column columns medium-1\/5 thb-dark-column small-12\"><div class=\"vc_column-inner\"><div class=\"wpb_wrapper\">\t<div id=\"thb-image-69f49a51899d1\" class=\"caption-style1  alignleft   thb_image_link wp-caption\">\n\t\t\t<div class=\"thb-image-inner size_100\">\n\t\t\t<img loading=\"lazy\" decoding=\"async\" width=\"191\" height=\"116\" src=\"data:image\/gif;base64,R0lGODlhAQABAAAAACH5BAEKAAEALAAAAAABAAEAAAICTAEAOw==\" class=\"thb_image retina_size   attachment-full thb-lazyload lazyload\" alt=\"\" title=\"shutt 2021-09-29 o 21.37.50\" data-src=\"https:\/\/www.noonsilk.com\/wp-content\/uploads\/2021\/09\/shutt-2021-09-29-o-21.37.50-e1639009938151.png\" data-sizes=\"auto\" \/>\t\t\t\t\t<\/div>\n\t\t\t\t\t<\/div>\n  <\/div><\/div><\/div><div class=\"wpb_column columns medium-1\/5 thb-dark-column small-12\"><div class=\"vc_column-inner\"><div class=\"wpb_wrapper\">\t<div id=\"thb-image-69f49a518a1e9\" class=\"caption-style1  alignleft   thb_image_link wp-caption\">\n\t\t\t<div class=\"thb-image-inner size_100\">\n\t\t\t<img loading=\"lazy\" decoding=\"async\" width=\"191\" height=\"161\" src=\"data:image\/gif;base64,R0lGODlhAQABAAAAACH5BAEKAAEALAAAAAABAAEAAAICTAEAOw==\" class=\"thb_image retina_size   attachment-full thb-lazyload lazyload\" alt=\"\" title=\"shutt 2021-09-29 o 21.38.00\" data-src=\"https:\/\/www.noonsilk.com\/wp-content\/uploads\/2021\/09\/shutt-2021-09-29-o-21.38.00-e1639009958101.png\" data-sizes=\"auto\" \/>\t\t\t\t\t<\/div>\n\t\t\t\t\t<\/div>\n  <\/div><\/div><\/div><\/div><div class=\"vc_empty_space\" id=\"thb-empty-space-69f49a518a943\"  style=\"height: 20px\" ><span class=\"vc_empty_space_inner\"><\/span><\/div>\n\n\t<div class=\"wpb_text_column wpb_content_element   vc_custom_1639011266328\" >\n\t\t<div class=\"wpb_wrapper\">\n\t\t\t<blockquote>\n<h1 style=\"text-align: center;\"><\/h1>\n<\/blockquote>\n<p class=\"p1\" style=\"text-align: center;\">Nie zalecamy prania w pralkach i suszenia w suszarkach mechanicznych.<\/p>\n<p class=\"p1\" style=\"text-align: center;\">Po r\u0119cznym wypraniu najlepiej delikatnie wycisn\u0105\u0107 nadmiar wody z produktu i roz\u0142o\u017cy\u0107 na p\u0142asko unikaj\u0105c bezpo\u015bredniego kontaktu produktu ze s\u0142o\u0144cem.<\/p>\n<p class=\"p1\" style=\"text-align: center;\">Prasowa\u0107 nale\u017cy delikatnie par\u0105 lub normalnie na maksymalnej temperaturze 110st.<\/p>\n<p class=\"p1\" style=\"text-align: center;\">Instrukcj\u0119 prania zamie\u015bcili\u015bmy r\u00f3wnie\u017c na metkach do\u0142\u0105czonych do ka\u017cdej poszewki oraz opaski.<\/p>\n\n\t\t<\/div>\n\t<\/div>\n<div class=\"vc_empty_space\" id=\"thb-empty-space-69f49a518ac38\"  style=\"height: 100px\" ><span class=\"vc_empty_space_inner\"><\/span><\/div>\n<\/div><\/div><\/div><\/div>","protected":false},"excerpt":{"rendered":"\"For many years...\" &nbsp; For many years, silk has been considered a very precious and delicate material. Due to its smooth structure and shine, it is associated with prosperity and luxury. We decided to use these features and create products that will be an addition to everyday stylizations and will accompany us during our rest&hellip;","protected":false},"author":1,"featured_media":0,"parent":0,"menu_order":0,"comment_status":"closed","ping_status":"closed","template":"page-default.php","meta":{"_monsterinsights_skip_tracking":false,"_monsterinsights_sitenote_active":false,"_monsterinsights_sitenote_note":"","_monsterinsights_sitenote_category":0,"footnotes":""},"class_list":["post-872","page","type-page","status-publish","hentry"],"yoast_head":"<!-- This site is optimized with the Yoast SEO plugin v21.2 - https:\/\/yoast.com\/wordpress\/plugins\/seo\/ -->\n<title>CARE -<\/title>\n<meta name=\"robots\" content=\"index, follow, max-snippet:-1, max-image-preview:large, max-video-preview:-1\" \/>\n<link rel=\"canonical\" href=\"https:\/\/www.noonsilk.com\/pl\/care\/\" \/>\n<meta property=\"og:locale\" content=\"pl_PL\" \/>\n<meta property=\"og:type\" content=\"article\" \/>\n<meta property=\"og:title\" content=\"CARE -\" \/>\n<meta property=\"og:url\" content=\"https:\/\/www.noonsilk.com\/pl\/care\/\" \/>\n<meta property=\"article:publisher\" content=\"https:\/\/www.facebook.com\/105396738135143\" \/>\n<meta property=\"article:modified_time\" content=\"2022-01-16T21:05:14+00:00\" \/>\n<meta name=\"twitter:card\" content=\"summary_large_image\" \/>\n<meta name=\"twitter:label1\" content=\"Szacowany czas czytania\" \/>\n\t<meta name=\"twitter:data1\" content=\"3 minuty\" \/>\n<script type=\"application\/ld+json\" class=\"yoast-schema-graph\">{\"@context\":\"https:\/\/schema.org\",\"@graph\":[{\"@type\":\"WebPage\",\"@id\":\"https:\/\/www.noonsilk.com\/en\/care\/\",\"url\":\"https:\/\/www.noonsilk.com\/en\/care\/\",\"name\":\"CARE -\",\"isPartOf\":{\"@id\":\"https:\/\/www.noonsilk.com\/en\/#website\"},\"datePublished\":\"2021-09-08T18:45:39+00:00\",\"dateModified\":\"2022-01-16T21:05:14+00:00\",\"breadcrumb\":{\"@id\":\"https:\/\/www.noonsilk.com\/en\/care\/#breadcrumb\"},\"inLanguage\":\"pl-PL\",\"potentialAction\":[{\"@type\":\"ReadAction\",\"target\":[\"https:\/\/www.noonsilk.com\/en\/care\/\"]}]},{\"@type\":\"BreadcrumbList\",\"@id\":\"https:\/\/www.noonsilk.com\/en\/care\/#breadcrumb\",\"itemListElement\":[{\"@type\":\"ListItem\",\"position\":1,\"name\":\"Strona g\u0142\u00f3wna\",\"item\":\"https:\/\/www.noonsilk.com\/\"},{\"@type\":\"ListItem\",\"position\":2,\"name\":\"CARE\"}]},{\"@type\":\"WebSite\",\"@id\":\"https:\/\/www.noonsilk.com\/en\/#website\",\"url\":\"https:\/\/www.noonsilk.com\/en\/\",\"name\":\"\",\"description\":\"Noon\",\"publisher\":{\"@id\":\"https:\/\/www.noonsilk.com\/en\/#organization\"},\"potentialAction\":[{\"@type\":\"SearchAction\",\"target\":{\"@type\":\"EntryPoint\",\"urlTemplate\":\"https:\/\/www.noonsilk.com\/en\/?s={search_term_string}\"},\"query-input\":\"required name=search_term_string\"}],\"inLanguage\":\"pl-PL\"},{\"@type\":\"Organization\",\"@id\":\"https:\/\/www.noonsilk.com\/en\/#organization\",\"name\":\"Noon\",\"url\":\"https:\/\/www.noonsilk.com\/en\/\",\"logo\":{\"@type\":\"ImageObject\",\"inLanguage\":\"pl-PL\",\"@id\":\"https:\/\/www.noonsilk.com\/en\/#\/schema\/logo\/image\/\",\"url\":\"https:\/\/www.noonsilk.com\/wp-content\/uploads\/2021\/06\/cropped-logo_biale.jpg\",\"contentUrl\":\"https:\/\/www.noonsilk.com\/wp-content\/uploads\/2021\/06\/cropped-logo_biale.jpg\",\"width\":512,\"height\":512,\"caption\":\"Noon\"},\"image\":{\"@id\":\"https:\/\/www.noonsilk.com\/en\/#\/schema\/logo\/image\/\"},\"sameAs\":[\"https:\/\/www.facebook.com\/105396738135143\",\"https:\/\/www.instagram.com\/noon.silk\/\"]}]}<\/script>\n<!-- \/ Yoast SEO plugin. -->","yoast_head_json":{"title":"CARE -","robots":{"index":"index","follow":"follow","max-snippet":"max-snippet:-1","max-image-preview":"max-image-preview:large","max-video-preview":"max-video-preview:-1"},"canonical":"https:\/\/www.noonsilk.com\/pl\/care\/","og_locale":"pl_PL","og_type":"article","og_title":"CARE -","og_url":"https:\/\/www.noonsilk.com\/pl\/care\/","article_publisher":"https:\/\/www.facebook.com\/105396738135143","article_modified_time":"2022-01-16T21:05:14+00:00","twitter_card":"summary_large_image","twitter_misc":{"Szacowany czas czytania":"3 minuty"},"schema":{"@context":"https:\/\/schema.org","@graph":[{"@type":"WebPage","@id":"https:\/\/www.noonsilk.com\/en\/care\/","url":"https:\/\/www.noonsilk.com\/en\/care\/","name":"CARE -","isPartOf":{"@id":"https:\/\/www.noonsilk.com\/en\/#website"},"datePublished":"2021-09-08T18:45:39+00:00","dateModified":"2022-01-16T21:05:14+00:00","breadcrumb":{"@id":"https:\/\/www.noonsilk.com\/en\/care\/#breadcrumb"},"inLanguage":"pl-PL","potentialAction":[{"@type":"ReadAction","target":["https:\/\/www.noonsilk.com\/en\/care\/"]}]},{"@type":"BreadcrumbList","@id":"https:\/\/www.noonsilk.com\/en\/care\/#breadcrumb","itemListElement":[{"@type":"ListItem","position":1,"name":"Strona g\u0142\u00f3wna","item":"https:\/\/www.noonsilk.com\/"},{"@type":"ListItem","position":2,"name":"CARE"}]},{"@type":"WebSite","@id":"https:\/\/www.noonsilk.com\/en\/#website","url":"https:\/\/www.noonsilk.com\/en\/","name":"","description":"Noon","publisher":{"@id":"https:\/\/www.noonsilk.com\/en\/#organization"},"potentialAction":[{"@type":"SearchAction","target":{"@type":"EntryPoint","urlTemplate":"https:\/\/www.noonsilk.com\/en\/?s={search_term_string}"},"query-input":"required name=search_term_string"}],"inLanguage":"pl-PL"},{"@type":"Organization","@id":"https:\/\/www.noonsilk.com\/en\/#organization","name":"Noon","url":"https:\/\/www.noonsilk.com\/en\/","logo":{"@type":"ImageObject","inLanguage":"pl-PL","@id":"https:\/\/www.noonsilk.com\/en\/#\/schema\/logo\/image\/","url":"https:\/\/www.noonsilk.com\/wp-content\/uploads\/2021\/06\/cropped-logo_biale.jpg","contentUrl":"https:\/\/www.noonsilk.com\/wp-content\/uploads\/2021\/06\/cropped-logo_biale.jpg","width":512,"height":512,"caption":"Noon"},"image":{"@id":"https:\/\/www.noonsilk.com\/en\/#\/schema\/logo\/image\/"},"sameAs":["https:\/\/www.facebook.com\/105396738135143","https:\/\/www.instagram.com\/noon.silk\/"]}]}},"jetpack_sharing_enabled":true,"_links":{"self":[{"href":"https:\/\/www.noonsilk.com\/pl\/wp-json\/wp\/v2\/pages\/872","targetHints":{"allow":["GET"]}}],"collection":[{"href":"https:\/\/www.noonsilk.com\/pl\/wp-json\/wp\/v2\/pages"}],"about":[{"href":"https:\/\/www.noonsilk.com\/pl\/wp-json\/wp\/v2\/types\/page"}],"author":[{"embeddable":true,"href":"https:\/\/www.noonsilk.com\/pl\/wp-json\/wp\/v2\/users\/1"}],"replies":[{"embeddable":true,"href":"https:\/\/www.noonsilk.com\/pl\/wp-json\/wp\/v2\/comments?post=872"}],"version-history":[{"count":121,"href":"https:\/\/www.noonsilk.com\/pl\/wp-json\/wp\/v2\/pages\/872\/revisions"}],"predecessor-version":[{"id":2080,"href":"https:\/\/www.noonsilk.com\/pl\/wp-json\/wp\/v2\/pages\/872\/revisions\/2080"}],"wp:attachment":[{"href":"https:\/\/www.noonsilk.com\/pl\/wp-json\/wp\/v2\/media?parent=872"}],"curies":[{"name":"wp","href":"https:\/\/api.w.org\/{rel}","templated":true}]}}