{"id":865,"date":"2021-09-08T20:36:40","date_gmt":"2021-09-08T18:36:40","guid":{"rendered":"https:\/\/www.noonsilk.com\/?page_id=865"},"modified":"2021-12-09T02:17:12","modified_gmt":"2021-12-09T01:17:12","slug":"love-yourself","status":"publish","type":"page","link":"https:\/\/www.noonsilk.com\/pl\/love-yourself\/","title":{"rendered":"JEDWAB"},"content":{"rendered":"<div class=\"row wpb_row row-fluid no-row-padding full-width-row no-column-padding vc_custom_1582198247050\"><div class=\"wpb_column columns medium-12 thb-dark-column small-12\"><div class=\"vc_column-inner\"><div class=\"wpb_wrapper\"><\/div><\/div><\/div><\/div><div class=\"row wpb_row row-fluid align-justify vc_custom_1582198694605\"><div class=\"wpb_column columns medium-6 thb-dark-column small-12\"><div class=\"vc_column-inner\"><div class=\"wpb_wrapper\">\n\t<div class=\"wpb_text_column wpb_content_element\" >\n\t\t<div class=\"wpb_wrapper\">\n\t\t\t\n\t\t<\/div>\n\t<\/div>\n<div class=\"vc_empty_space  vc_custom_1630952329818\" id=\"thb-empty-space-69f4992de82df\"  style=\"height: 26px\" ><span class=\"vc_empty_space_inner\"><\/span><\/div>\n\n\t<div class=\"wpb_text_column wpb_content_element   vc_custom_1637182099634\" >\n\t\t<div class=\"wpb_wrapper\">\n\t\t\t<ul>\n<li class=\"p1\">Jedwab jest materia\u0142em, kt\u00f3ry nie podra\u017cni Twojej sk\u00f3ry, posiada w\u0142a\u015bciwo\u015bci hipoalergiczne, nie gromadzi i nie przyci\u0105ga cz\u0105steczek kurzu, co rozwi\u0105zuje problem roztoczy.<\/li>\n<li class=\"p1\">Poszewki uszyte z naturalnego jedwabiu doskonale wspomagaj\u0105 codzienn\u0105 higien\u0119 w\u0142os\u00f3w, zapobiegaj\u0105c ich \u0142amaniu, puszczeniu oraz rozdwajaniu ko\u0144c\u00f3wek.<\/li>\n<li class=\"p1\">W przeciwie\u0144stwie do bawe\u0142ny, kt\u00f3ra powoduje utrat\u0119 nawil\u017cenia w\u0142os\u00f3w i sk\u00f3ry g\u0142owy, jedwab pomaga zachowa\u0107 ich naturalny b\u0142ysk.<\/li>\n<li class=\"p1\">Idealnie g\u0142adka faktura jedwabnego materia\u0142u dzia\u0142a zbawiennie na nasz\u0105 cer\u0119 podczas snu, zapobiega powstawaniu zmarszczek na twarzy. Jednocze\u015bnie dla os\u00f3b korzystaj\u0105c z us\u0142ug dermatolog\u00f3w oraz kosmetolog\u00f3w wspomaga proces gojenia cery.<\/li>\n<li class=\"p1\">Jedwab jest idealny dla os\u00f3b zmagaj\u0105cych si\u0119 z r\u00f3\u017cnymi problemami sk\u00f3rnymi np. egzem\u0105 poprzez redukcj\u0119 mikrouszkodze\u0144 pow\u0142oki sk\u00f3ry.<\/li>\n<\/ul>\n\n\t\t<\/div>\n\t<\/div>\n<div class=\"vc_empty_space\" id=\"thb-empty-space-69f4992de8699\"  style=\"height: 26px\" ><span class=\"vc_empty_space_inner\"><\/span><\/div>\n<\/div><\/div><\/div><div class=\"wpb_column columns medium-6 thb-dark-column small-12\"><div class=\"vc_column-inner\"><div class=\"wpb_wrapper\">\t<div id=\"thb-image-69f4992de8a1d\" class=\"caption-style1  alignleft   thb_image_link wp-caption\">\n\t\t\t<div class=\"thb-image-inner size_100\">\n\t\t\t<img loading=\"lazy\" decoding=\"async\" class=\"thb_image retina_size    lazyload\" src=\"data:image\/gif;base64,R0lGODlhAQABAAAAACH5BAEKAAEALAAAAAABAAEAAAICTAEAOw==\" data-src=\"https:\/\/www.noonsilk.com\/wp-content\/uploads\/2021\/06\/2-e1639012609190-500x700.jpg\" width=\"500\" height=\"700\" alt=\"2\" title=\"2\" \/>\t\t\t\t\t<\/div>\n\t\t\t\t\t<\/div>\n  <\/div><\/div><\/div><\/div>","protected":false},"excerpt":{"rendered":"Silk is a material that will not irritate your skin, is hypoallergenic, does not accumulate, and does not attract dust particles, which solves the problem of mites. Pillowcases made of natural silk perfectly support the daily hygiene of hair, preventing them from breaking, dropping, and splitting ends. Cotton causes hair and scalp to lose moisture,&hellip;","protected":false},"author":1,"featured_media":0,"parent":0,"menu_order":0,"comment_status":"closed","ping_status":"closed","template":"","meta":{"_monsterinsights_skip_tracking":false,"_monsterinsights_sitenote_active":false,"_monsterinsights_sitenote_note":"","_monsterinsights_sitenote_category":0,"footnotes":""},"class_list":["post-865","page","type-page","status-publish","hentry"],"yoast_head":"<!-- This site is optimized with the Yoast SEO plugin v21.2 - https:\/\/yoast.com\/wordpress\/plugins\/seo\/ -->\n<title>WHY SILK -<\/title>\n<meta name=\"robots\" content=\"index, follow, max-snippet:-1, max-image-preview:large, max-video-preview:-1\" \/>\n<link rel=\"canonical\" href=\"https:\/\/www.noonsilk.com\/pl\/love-yourself\/\" \/>\n<meta property=\"og:locale\" content=\"pl_PL\" \/>\n<meta property=\"og:type\" content=\"article\" \/>\n<meta property=\"og:title\" content=\"WHY SILK -\" \/>\n<meta property=\"og:url\" content=\"https:\/\/www.noonsilk.com\/pl\/love-yourself\/\" \/>\n<meta property=\"article:publisher\" content=\"https:\/\/www.facebook.com\/105396738135143\" \/>\n<meta property=\"article:modified_time\" content=\"2021-12-09T01:17:12+00:00\" \/>\n<meta name=\"twitter:card\" content=\"summary_large_image\" \/>\n<meta name=\"twitter:label1\" content=\"Szacowany czas czytania\" \/>\n\t<meta name=\"twitter:data1\" content=\"1 minuta\" \/>\n<script type=\"application\/ld+json\" class=\"yoast-schema-graph\">{\"@context\":\"https:\/\/schema.org\",\"@graph\":[{\"@type\":\"WebPage\",\"@id\":\"https:\/\/www.noonsilk.com\/en\/love-yourself\/\",\"url\":\"https:\/\/www.noonsilk.com\/en\/love-yourself\/\",\"name\":\"WHY SILK -\",\"isPartOf\":{\"@id\":\"https:\/\/www.noonsilk.com\/en\/#website\"},\"datePublished\":\"2021-09-08T18:36:40+00:00\",\"dateModified\":\"2021-12-09T01:17:12+00:00\",\"breadcrumb\":{\"@id\":\"https:\/\/www.noonsilk.com\/en\/love-yourself\/#breadcrumb\"},\"inLanguage\":\"pl-PL\",\"potentialAction\":[{\"@type\":\"ReadAction\",\"target\":[\"https:\/\/www.noonsilk.com\/en\/love-yourself\/\"]}]},{\"@type\":\"BreadcrumbList\",\"@id\":\"https:\/\/www.noonsilk.com\/en\/love-yourself\/#breadcrumb\",\"itemListElement\":[{\"@type\":\"ListItem\",\"position\":1,\"name\":\"Strona g\u0142\u00f3wna\",\"item\":\"https:\/\/www.noonsilk.com\/\"},{\"@type\":\"ListItem\",\"position\":2,\"name\":\"WHY SILK\"}]},{\"@type\":\"WebSite\",\"@id\":\"https:\/\/www.noonsilk.com\/en\/#website\",\"url\":\"https:\/\/www.noonsilk.com\/en\/\",\"name\":\"\",\"description\":\"Noon\",\"publisher\":{\"@id\":\"https:\/\/www.noonsilk.com\/en\/#organization\"},\"potentialAction\":[{\"@type\":\"SearchAction\",\"target\":{\"@type\":\"EntryPoint\",\"urlTemplate\":\"https:\/\/www.noonsilk.com\/en\/?s={search_term_string}\"},\"query-input\":\"required name=search_term_string\"}],\"inLanguage\":\"pl-PL\"},{\"@type\":\"Organization\",\"@id\":\"https:\/\/www.noonsilk.com\/en\/#organization\",\"name\":\"Noon\",\"url\":\"https:\/\/www.noonsilk.com\/en\/\",\"logo\":{\"@type\":\"ImageObject\",\"inLanguage\":\"pl-PL\",\"@id\":\"https:\/\/www.noonsilk.com\/en\/#\/schema\/logo\/image\/\",\"url\":\"https:\/\/www.noonsilk.com\/wp-content\/uploads\/2021\/06\/cropped-logo_biale.jpg\",\"contentUrl\":\"https:\/\/www.noonsilk.com\/wp-content\/uploads\/2021\/06\/cropped-logo_biale.jpg\",\"width\":512,\"height\":512,\"caption\":\"Noon\"},\"image\":{\"@id\":\"https:\/\/www.noonsilk.com\/en\/#\/schema\/logo\/image\/\"},\"sameAs\":[\"https:\/\/www.facebook.com\/105396738135143\",\"https:\/\/www.instagram.com\/noon.silk\/\"]}]}<\/script>\n<!-- \/ Yoast SEO plugin. -->","yoast_head_json":{"title":"WHY SILK -","robots":{"index":"index","follow":"follow","max-snippet":"max-snippet:-1","max-image-preview":"max-image-preview:large","max-video-preview":"max-video-preview:-1"},"canonical":"https:\/\/www.noonsilk.com\/pl\/love-yourself\/","og_locale":"pl_PL","og_type":"article","og_title":"WHY SILK -","og_url":"https:\/\/www.noonsilk.com\/pl\/love-yourself\/","article_publisher":"https:\/\/www.facebook.com\/105396738135143","article_modified_time":"2021-12-09T01:17:12+00:00","twitter_card":"summary_large_image","twitter_misc":{"Szacowany czas czytania":"1 minuta"},"schema":{"@context":"https:\/\/schema.org","@graph":[{"@type":"WebPage","@id":"https:\/\/www.noonsilk.com\/en\/love-yourself\/","url":"https:\/\/www.noonsilk.com\/en\/love-yourself\/","name":"WHY SILK -","isPartOf":{"@id":"https:\/\/www.noonsilk.com\/en\/#website"},"datePublished":"2021-09-08T18:36:40+00:00","dateModified":"2021-12-09T01:17:12+00:00","breadcrumb":{"@id":"https:\/\/www.noonsilk.com\/en\/love-yourself\/#breadcrumb"},"inLanguage":"pl-PL","potentialAction":[{"@type":"ReadAction","target":["https:\/\/www.noonsilk.com\/en\/love-yourself\/"]}]},{"@type":"BreadcrumbList","@id":"https:\/\/www.noonsilk.com\/en\/love-yourself\/#breadcrumb","itemListElement":[{"@type":"ListItem","position":1,"name":"Strona g\u0142\u00f3wna","item":"https:\/\/www.noonsilk.com\/"},{"@type":"ListItem","position":2,"name":"WHY SILK"}]},{"@type":"WebSite","@id":"https:\/\/www.noonsilk.com\/en\/#website","url":"https:\/\/www.noonsilk.com\/en\/","name":"","description":"Noon","publisher":{"@id":"https:\/\/www.noonsilk.com\/en\/#organization"},"potentialAction":[{"@type":"SearchAction","target":{"@type":"EntryPoint","urlTemplate":"https:\/\/www.noonsilk.com\/en\/?s={search_term_string}"},"query-input":"required name=search_term_string"}],"inLanguage":"pl-PL"},{"@type":"Organization","@id":"https:\/\/www.noonsilk.com\/en\/#organization","name":"Noon","url":"https:\/\/www.noonsilk.com\/en\/","logo":{"@type":"ImageObject","inLanguage":"pl-PL","@id":"https:\/\/www.noonsilk.com\/en\/#\/schema\/logo\/image\/","url":"https:\/\/www.noonsilk.com\/wp-content\/uploads\/2021\/06\/cropped-logo_biale.jpg","contentUrl":"https:\/\/www.noonsilk.com\/wp-content\/uploads\/2021\/06\/cropped-logo_biale.jpg","width":512,"height":512,"caption":"Noon"},"image":{"@id":"https:\/\/www.noonsilk.com\/en\/#\/schema\/logo\/image\/"},"sameAs":["https:\/\/www.facebook.com\/105396738135143","https:\/\/www.instagram.com\/noon.silk\/"]}]}},"jetpack_sharing_enabled":true,"_links":{"self":[{"href":"https:\/\/www.noonsilk.com\/pl\/wp-json\/wp\/v2\/pages\/865","targetHints":{"allow":["GET"]}}],"collection":[{"href":"https:\/\/www.noonsilk.com\/pl\/wp-json\/wp\/v2\/pages"}],"about":[{"href":"https:\/\/www.noonsilk.com\/pl\/wp-json\/wp\/v2\/types\/page"}],"author":[{"embeddable":true,"href":"https:\/\/www.noonsilk.com\/pl\/wp-json\/wp\/v2\/users\/1"}],"replies":[{"embeddable":true,"href":"https:\/\/www.noonsilk.com\/pl\/wp-json\/wp\/v2\/comments?post=865"}],"version-history":[{"count":9,"href":"https:\/\/www.noonsilk.com\/pl\/wp-json\/wp\/v2\/pages\/865\/revisions"}],"predecessor-version":[{"id":1983,"href":"https:\/\/www.noonsilk.com\/pl\/wp-json\/wp\/v2\/pages\/865\/revisions\/1983"}],"wp:attachment":[{"href":"https:\/\/www.noonsilk.com\/pl\/wp-json\/wp\/v2\/media?parent=865"}],"curies":[{"name":"wp","href":"https:\/\/api.w.org\/{rel}","templated":true}]}}