{"id":863,"date":"2021-09-08T20:32:59","date_gmt":"2021-09-08T18:32:59","guid":{"rendered":"https:\/\/www.noonsilk.com\/?page_id=863"},"modified":"2021-11-17T22:06:07","modified_gmt":"2021-11-17T21:06:07","slug":"colors","status":"publish","type":"page","link":"https:\/\/www.noonsilk.com\/pl\/colors\/","title":{"rendered":"KOLORY"},"content":{"rendered":"<div class=\"row wpb_row row-fluid align-justify vc_custom_1582198694605\"><div class=\"wpb_column columns medium-6 thb-dark-column small-12\"><div class=\"vc_column-inner\"><div class=\"wpb_wrapper\"><div class=\"vc_empty_space  vc_custom_1630952329818\" id=\"thb-empty-space-69f89ab86849d\"  style=\"height: 26px\" ><span class=\"vc_empty_space_inner\"><\/span><\/div>\n\n\t<div class=\"wpb_text_column wpb_content_element   vc_custom_1637182878224\" >\n\t\t<div class=\"wpb_wrapper\">\n\t\t\t<p class=\"p1\">Materia\u0142y zosta\u0142y wybrane w takiej kolorystyce, aby wraca\u0107 wspomnieniami do moment\u00f3w, gdy mieli\u015bmy pod stopami ciep\u0142y nadmorski piasek, a wieczory na pla\u017cy przy \u015bwietle ksi\u0119\u017cyca by\u0142y chwilami, do kt\u00f3rych zawsze chcemy wraca\u0107 pami\u0119ci\u0105. \nNic te\u017c bardziej nie kojarzy si\u0119 z wakacjami jak zapach waniliowych lod\u00f3w, kt\u00f3re przywodz\u0105 pami\u0119ci ciep\u0142e wakacyjne dni i wieczory. Dodatkowo polecamy spojrze\u0107 jak wygl\u0105da odbicie s\u0142onecznego \u015bwiat\u0142a na naszych materia\u0142ach &lt;3.<\/p>\n<p class=\"p1\">Mamy nadziej\u0119, \u017ce nie tylko nam tak przyjemnie b\u0119d\u0105 si\u0119 kojarzy\u0142y wybrane kolory materia\u0142\u00f3w, ale te\u017c wszystkim osobom, kt\u00f3re b\u0119d\u0105 mia\u0142y okazj\u0119 z nich korzysta\u0107.<\/p>\n\n\t\t<\/div>\n\t<\/div>\n<div class=\"vc_empty_space\" id=\"thb-empty-space-69f89ab8688e6\"  style=\"height: 26px\" ><span class=\"vc_empty_space_inner\"><\/span><\/div>\n<\/div><\/div><\/div><div class=\"wpb_column columns medium-6 thb-dark-column small-12\"><div class=\"vc_column-inner\"><div class=\"wpb_wrapper\">\t<div id=\"thb-image-69f89ab868c48\" class=\"caption-style1  alignleft   thb_image_link wp-caption\">\n\t\t\t<div class=\"thb-image-inner size_100\">\n\t\t\t<img loading=\"lazy\" decoding=\"async\" width=\"1118\" height=\"1323\" src=\"data:image\/gif;base64,R0lGODlhAQABAAAAACH5BAEKAAEALAAAAAABAAEAAAICTAEAOw==\" class=\"thb_image    attachment-full thb-lazyload lazyload\" alt=\"\" title=\"maszyna_colors\" sizes=\"auto, (max-width: 1118px) 100vw, 1118px\" data-src=\"https:\/\/www.noonsilk.com\/wp-content\/uploads\/2021\/11\/maszyna_colors.png\" data-sizes=\"auto\" data-srcset=\"https:\/\/www.noonsilk.com\/wp-content\/uploads\/2021\/11\/maszyna_colors.png 1118w, https:\/\/www.noonsilk.com\/wp-content\/uploads\/2021\/11\/maszyna_colors-254x300.png 254w, https:\/\/www.noonsilk.com\/wp-content\/uploads\/2021\/11\/maszyna_colors-865x1024.png 865w, https:\/\/www.noonsilk.com\/wp-content\/uploads\/2021\/11\/maszyna_colors-768x909.png 768w, https:\/\/www.noonsilk.com\/wp-content\/uploads\/2021\/11\/maszyna_colors-10x12.png 10w, https:\/\/www.noonsilk.com\/wp-content\/uploads\/2021\/11\/maszyna_colors-855x1012.png 855w, https:\/\/www.noonsilk.com\/wp-content\/uploads\/2021\/11\/maszyna_colors-20x24.png 20w, https:\/\/www.noonsilk.com\/wp-content\/uploads\/2021\/11\/maszyna_colors-290x343.png 290w, https:\/\/www.noonsilk.com\/wp-content\/uploads\/2021\/11\/maszyna_colors-600x710.png 600w\" \/>\t\t\t\t\t<\/div>\n\t\t\t\t\t<\/div>\n  <\/div><\/div><\/div><\/div>","protected":false},"excerpt":{"rendered":"The materials were selected in such a color to recall those moments when we had warm seaside sand under our feet, and the evenings at the beach by the moonlight - moments we always want to remember. Nothing brings to my mind greater memories than the scent of vanilla ice cream. We really recommend looking&hellip;","protected":false},"author":1,"featured_media":0,"parent":0,"menu_order":0,"comment_status":"closed","ping_status":"closed","template":"","meta":{"_monsterinsights_skip_tracking":false,"_monsterinsights_sitenote_active":false,"_monsterinsights_sitenote_note":"","_monsterinsights_sitenote_category":0,"footnotes":""},"class_list":["post-863","page","type-page","status-publish","hentry"],"yoast_head":"<!-- This site is optimized with the Yoast SEO plugin v21.2 - https:\/\/yoast.com\/wordpress\/plugins\/seo\/ -->\n<title>COLORS -<\/title>\n<meta name=\"robots\" content=\"index, follow, max-snippet:-1, max-image-preview:large, max-video-preview:-1\" \/>\n<link rel=\"canonical\" href=\"https:\/\/www.noonsilk.com\/pl\/colors\/\" \/>\n<meta property=\"og:locale\" content=\"pl_PL\" \/>\n<meta property=\"og:type\" content=\"article\" \/>\n<meta property=\"og:title\" content=\"COLORS -\" \/>\n<meta property=\"og:url\" content=\"https:\/\/www.noonsilk.com\/pl\/colors\/\" \/>\n<meta property=\"article:publisher\" content=\"https:\/\/www.facebook.com\/105396738135143\" \/>\n<meta property=\"article:modified_time\" content=\"2021-11-17T21:06:07+00:00\" \/>\n<meta name=\"twitter:card\" content=\"summary_large_image\" \/>\n<meta name=\"twitter:label1\" content=\"Szacowany czas czytania\" \/>\n\t<meta name=\"twitter:data1\" content=\"1 minuta\" \/>\n<script type=\"application\/ld+json\" class=\"yoast-schema-graph\">{\"@context\":\"https:\/\/schema.org\",\"@graph\":[{\"@type\":\"WebPage\",\"@id\":\"https:\/\/www.noonsilk.com\/pl\/colors\/\",\"url\":\"https:\/\/www.noonsilk.com\/pl\/colors\/\",\"name\":\"COLORS -\",\"isPartOf\":{\"@id\":\"https:\/\/www.noonsilk.com\/en\/#website\"},\"datePublished\":\"2021-09-08T18:32:59+00:00\",\"dateModified\":\"2021-11-17T21:06:07+00:00\",\"breadcrumb\":{\"@id\":\"https:\/\/www.noonsilk.com\/pl\/colors\/#breadcrumb\"},\"inLanguage\":\"pl-PL\",\"potentialAction\":[{\"@type\":\"ReadAction\",\"target\":[\"https:\/\/www.noonsilk.com\/pl\/colors\/\"]}]},{\"@type\":\"BreadcrumbList\",\"@id\":\"https:\/\/www.noonsilk.com\/pl\/colors\/#breadcrumb\",\"itemListElement\":[{\"@type\":\"ListItem\",\"position\":1,\"name\":\"Strona g\u0142\u00f3wna\",\"item\":\"https:\/\/www.noonsilk.com\/\"},{\"@type\":\"ListItem\",\"position\":2,\"name\":\"COLORS\"}]},{\"@type\":\"WebSite\",\"@id\":\"https:\/\/www.noonsilk.com\/en\/#website\",\"url\":\"https:\/\/www.noonsilk.com\/en\/\",\"name\":\"\",\"description\":\"Noon\",\"publisher\":{\"@id\":\"https:\/\/www.noonsilk.com\/en\/#organization\"},\"potentialAction\":[{\"@type\":\"SearchAction\",\"target\":{\"@type\":\"EntryPoint\",\"urlTemplate\":\"https:\/\/www.noonsilk.com\/en\/?s={search_term_string}\"},\"query-input\":\"required name=search_term_string\"}],\"inLanguage\":\"pl-PL\"},{\"@type\":\"Organization\",\"@id\":\"https:\/\/www.noonsilk.com\/en\/#organization\",\"name\":\"Noon\",\"url\":\"https:\/\/www.noonsilk.com\/en\/\",\"logo\":{\"@type\":\"ImageObject\",\"inLanguage\":\"pl-PL\",\"@id\":\"https:\/\/www.noonsilk.com\/en\/#\/schema\/logo\/image\/\",\"url\":\"https:\/\/www.noonsilk.com\/wp-content\/uploads\/2021\/06\/cropped-logo_biale.jpg\",\"contentUrl\":\"https:\/\/www.noonsilk.com\/wp-content\/uploads\/2021\/06\/cropped-logo_biale.jpg\",\"width\":512,\"height\":512,\"caption\":\"Noon\"},\"image\":{\"@id\":\"https:\/\/www.noonsilk.com\/en\/#\/schema\/logo\/image\/\"},\"sameAs\":[\"https:\/\/www.facebook.com\/105396738135143\",\"https:\/\/www.instagram.com\/noon.silk\/\"]}]}<\/script>\n<!-- \/ Yoast SEO plugin. -->","yoast_head_json":{"title":"COLORS -","robots":{"index":"index","follow":"follow","max-snippet":"max-snippet:-1","max-image-preview":"max-image-preview:large","max-video-preview":"max-video-preview:-1"},"canonical":"https:\/\/www.noonsilk.com\/pl\/colors\/","og_locale":"pl_PL","og_type":"article","og_title":"COLORS -","og_url":"https:\/\/www.noonsilk.com\/pl\/colors\/","article_publisher":"https:\/\/www.facebook.com\/105396738135143","article_modified_time":"2021-11-17T21:06:07+00:00","twitter_card":"summary_large_image","twitter_misc":{"Szacowany czas czytania":"1 minuta"},"schema":{"@context":"https:\/\/schema.org","@graph":[{"@type":"WebPage","@id":"https:\/\/www.noonsilk.com\/pl\/colors\/","url":"https:\/\/www.noonsilk.com\/pl\/colors\/","name":"COLORS -","isPartOf":{"@id":"https:\/\/www.noonsilk.com\/en\/#website"},"datePublished":"2021-09-08T18:32:59+00:00","dateModified":"2021-11-17T21:06:07+00:00","breadcrumb":{"@id":"https:\/\/www.noonsilk.com\/pl\/colors\/#breadcrumb"},"inLanguage":"pl-PL","potentialAction":[{"@type":"ReadAction","target":["https:\/\/www.noonsilk.com\/pl\/colors\/"]}]},{"@type":"BreadcrumbList","@id":"https:\/\/www.noonsilk.com\/pl\/colors\/#breadcrumb","itemListElement":[{"@type":"ListItem","position":1,"name":"Strona g\u0142\u00f3wna","item":"https:\/\/www.noonsilk.com\/"},{"@type":"ListItem","position":2,"name":"COLORS"}]},{"@type":"WebSite","@id":"https:\/\/www.noonsilk.com\/en\/#website","url":"https:\/\/www.noonsilk.com\/en\/","name":"","description":"Noon","publisher":{"@id":"https:\/\/www.noonsilk.com\/en\/#organization"},"potentialAction":[{"@type":"SearchAction","target":{"@type":"EntryPoint","urlTemplate":"https:\/\/www.noonsilk.com\/en\/?s={search_term_string}"},"query-input":"required name=search_term_string"}],"inLanguage":"pl-PL"},{"@type":"Organization","@id":"https:\/\/www.noonsilk.com\/en\/#organization","name":"Noon","url":"https:\/\/www.noonsilk.com\/en\/","logo":{"@type":"ImageObject","inLanguage":"pl-PL","@id":"https:\/\/www.noonsilk.com\/en\/#\/schema\/logo\/image\/","url":"https:\/\/www.noonsilk.com\/wp-content\/uploads\/2021\/06\/cropped-logo_biale.jpg","contentUrl":"https:\/\/www.noonsilk.com\/wp-content\/uploads\/2021\/06\/cropped-logo_biale.jpg","width":512,"height":512,"caption":"Noon"},"image":{"@id":"https:\/\/www.noonsilk.com\/en\/#\/schema\/logo\/image\/"},"sameAs":["https:\/\/www.facebook.com\/105396738135143","https:\/\/www.instagram.com\/noon.silk\/"]}]}},"jetpack_sharing_enabled":true,"_links":{"self":[{"href":"https:\/\/www.noonsilk.com\/pl\/wp-json\/wp\/v2\/pages\/863","targetHints":{"allow":["GET"]}}],"collection":[{"href":"https:\/\/www.noonsilk.com\/pl\/wp-json\/wp\/v2\/pages"}],"about":[{"href":"https:\/\/www.noonsilk.com\/pl\/wp-json\/wp\/v2\/types\/page"}],"author":[{"embeddable":true,"href":"https:\/\/www.noonsilk.com\/pl\/wp-json\/wp\/v2\/users\/1"}],"replies":[{"embeddable":true,"href":"https:\/\/www.noonsilk.com\/pl\/wp-json\/wp\/v2\/comments?post=863"}],"version-history":[{"count":7,"href":"https:\/\/www.noonsilk.com\/pl\/wp-json\/wp\/v2\/pages\/863\/revisions"}],"predecessor-version":[{"id":1457,"href":"https:\/\/www.noonsilk.com\/pl\/wp-json\/wp\/v2\/pages\/863\/revisions\/1457"}],"wp:attachment":[{"href":"https:\/\/www.noonsilk.com\/pl\/wp-json\/wp\/v2\/media?parent=863"}],"curies":[{"name":"wp","href":"https:\/\/api.w.org\/{rel}","templated":true}]}}