{"id":51,"date":"2020-01-28T14:58:43","date_gmt":"2020-01-28T14:58:43","guid":{"rendered":"http:\/\/peakshops.fuelthemes.net\/peakshops-beauty\/?page_id=51"},"modified":"2021-12-09T09:21:13","modified_gmt":"2021-12-09T08:21:13","slug":"privacy","status":"publish","type":"page","link":"https:\/\/www.noonsilk.com\/pl\/privacy\/","title":{"rendered":"Polityka Prywatno\u015bci"},"content":{"rendered":"<div class=\"row wpb_row row-fluid\"><div class=\"wpb_column columns medium-12 thb-dark-column small-12\"><div class=\"vc_column-inner\"><div class=\"wpb_wrapper\">\n\t<div class=\"wpb_text_column wpb_content_element\" >\n\t\t<div class=\"wpb_wrapper\">\n\t\t\t\n<\/p>\n<h1 class=\"document-heading center\">\u00a0<\/h1>\n<section>\n<h2>Drogi U\u017cytkowniku!<\/h2>\n<p>Dbamy o Twoj\u0105 prywatno\u015b\u0107 i chcemy, aby\u015b w czasie korzystania z naszych us\u0142ug czu\u0142 si\u0119 komfortowo. Dlatego te\u017c poni\u017cej prezentujemy Ci najwa\u017cniejsze informacje o zasadach przetwarzania przez nas Twoich danych osobowych oraz plikach cookies, kt\u00f3re s\u0105 wykorzystywane przez nasz Sklep. Informacje te zosta\u0142y przygotowane z uwzgl\u0119dnieniem RODO, czyli og\u00f3lnego rozporz\u0105dzenia o ochronie danych.<\/p>\n<\/section>\n<section>\n<h2>ADMINISTRATOR DANYCH OSOBOWYCH<\/h2>\n<p>MARTA MARIA BANACH,<br \/>przedsi\u0119biorca prowadz\u0105cy dzia\u0142alno\u015b\u0107 gospodarcz\u0105 pod firm\u0105<br \/>Noon Marta Banach,<br \/>wpisany do Centralnej Ewidencji i Informacji o Dzia\u0142alno\u015bci Gospodarczej<br \/>prowadzonej przez ministra w\u0142a\u015bciwego do spraw gospodarki i prowadzenia<br \/>Centralnej Ewidencji i Informacji o Dzia\u0142alno\u015bci Gospodarczej, NIP<br \/>8393080128,<br \/>nr REGON 387628460,<br \/>ul. Ludwika Solskiego 12\/1, 76-200 S\u0142upsk.<\/p>\n<p>Je\u015bli chcesz skontaktowa\u0107 si\u0119 z nami w zwi\u0105zku z przetwarzaniem przez nas Twoich danych osobowych, napisz do nas na adres e-mail: contact@noonsilk.com.<\/p>\n<\/section>\n<section>\n<h2>TWOJE UPRAWNIENIA<\/h2>\n<p>Przys\u0142uguje Ci prawo \u017c\u0105dania:<\/p>\n<ul>\n<li>dost\u0119pu do Twoich danych osobowych, w tym uzyskania kopii Twoich danych (art. 15 RODO lub &#8211; je\u015bli ma to zastosowanie &#8211; art. 13 ust. 1 lit. f RODO),<\/li>\n<li>ich sprostowania (art. 16 RODO),<\/li>\n<li>usuni\u0119cia (art. 17 RODO),<\/li>\n<li>ograniczenia przetwarzania (art. 18 RODO),<\/li>\n<li>przeniesienia danych do innego administratora (art. 20 RODO).<\/li>\n<\/ul>\n<p>A tak\u017ce prawo:<\/p>\n<ul>\n<li>wniesienia w dowolnym momencie sprzeciwu wobec przetwarzania Twoich danych:\n<ul>\n<li>z przyczyn zwi\u0105zanych z Twoj\u0105 szczeg\u00f3ln\u0105 sytuacj\u0105 \u2013 wobec przetwarzania dotycz\u0105cych Ciebie danych osobowych, opartego na art. 6 ust. 1 lit. f RODO (tj. na realizowanych przez nas prawnie uzasadnionych interesach) (art. 21 ust. 1 RODO);<\/li>\n<li>je\u017celi dane osobowe s\u0105 przetwarzane na potrzeby marketingu bezpo\u015bredniego, w zakresie, w jakim przetwarzanie jest zwi\u0105zane z takim marketingiem bezpo\u015brednim (art. 21 ust. 2 RODO).<\/li>\n<\/ul>\n<\/li>\n<\/ul>\n<p>Skontaktuj si\u0119 z nami, je\u015bli chcesz skorzysta\u0107 ze swoich praw. Sprzeciw w odniesieniu do wykorzystywania przez nas plik\u00f3w cookies (o kt\u00f3rych przeczytasz poni\u017cej) mo\u017cesz wyrazi\u0107 zw\u0142aszcza za pomoc\u0105 odpowiednich ustawie\u0144 przegl\u0105darki.<\/p>\n<p>Je\u015bli uznasz, \u017ce Twoje dane s\u0105 przetwarzane niezgodnie z prawem, mo\u017cesz z\u0142o\u017cy\u0107 skarg\u0119 do Prezesa Urz\u0119du Ochrony Danych Osobowych.<\/p>\n<\/section>\n<section>\n<h2>DANE OSOBOWE I PRYWATNO\u015a\u0106<\/h2>\n<p>Poni\u017cej znajdziesz szczeg\u00f3\u0142owe informacje na temat przetwarzania Twoich danych w zale\u017cno\u015bci od podejmowanych przez Ciebie dzia\u0142a\u0144.<\/p>\n<h3>1.\u00a0Z\u0142o\u017cenie zam\u00f3wienia w Sklepie<\/h3>\n<table>\n<tbody>\n<tr>\n<th colspan=\"2\">W jakim celu?<\/th>\n<\/tr>\n<tr>\n<td colspan=\"2\">realizacja Twojego zam\u00f3wienia<\/td>\n<\/tr>\n<tr>\n<th colspan=\"2\">Na jakiej podstawie?<\/th>\n<\/tr>\n<tr>\n<td style=\"width: 50%;\">umowa sprzeda\u017cy (art. 6 ust. 1 lit. b RODO)<\/td>\n<td style=\"width: 50%;\">obowi\u0105zek prawny, zwi\u0105zany z rachunkowo\u015bci\u0105, zobowi\u0105zuj\u0105cy nas do przetwarzania Twoich danych osobowych (art. 6 ust. 1 lit. c RODO)<\/td>\n<\/tr>\n<tr>\n<th colspan=\"2\">Jak d\u0142ugo?<\/th>\n<\/tr>\n<tr>\n<td style=\"width: 50%;\">przez okres obowi\u0105zywania wy\u017cej wymienionej umowy<\/td>\n<td style=\"width: 50%;\">do momentu wyga\u015bni\u0119cia ci\u0105\u017c\u0105cego na nas obowi\u0105zku prawnego, zwi\u0105zanego z rachunkowo\u015bci\u0105<\/td>\n<\/tr>\n<tr>\n<td colspan=\"2\">\n<p>ponadto, Twoje dane b\u0119d\u0105 przetwarzane do up\u0142ywu okresu, w kt\u00f3rym mo\u017cliwe jest dochodzenie roszcze\u0144 \u2013 przez Ciebie lub przez nas<\/p>\n<p>(wi\u0119cej informacji na ten temat znajdziesz w ostatniej tabeli tej sekcji)<\/p>\n<\/td>\n<\/tr>\n<tr>\n<th colspan=\"2\">Co si\u0119 stanie, je\u015bli nie podasz danych?<\/th>\n<\/tr>\n<tr>\n<td colspan=\"2\">nie b\u0119dziesz mie\u0107 mo\u017cliwo\u015bci z\u0142o\u017cenia zam\u00f3wienia<\/td>\n<\/tr>\n<\/tbody>\n<\/table>\n<h3>2.\u00a0Za\u0142o\u017cenie konta w Sklepie<\/h3>\n<table>\n<tbody>\n<tr>\n<th>W jakim celu?<\/th>\n<\/tr>\n<tr>\n<td>realizacja umowy o \u015bwiadczenie us\u0142ugi prowadzenia konta w Sklepie<\/td>\n<\/tr>\n<tr>\n<th>Na jakiej podstawie?<\/th>\n<\/tr>\n<tr>\n<td>umowa o \u015bwiadczenie us\u0142ug (art. 6 ust. 1 lit. b RODO)<\/td>\n<\/tr>\n<tr>\n<th>Jak d\u0142ugo?<\/th>\n<\/tr>\n<tr>\n<td>do momentu, w kt\u00f3rym konto zostanie usuni\u0119te przez Ciebie lub przez nas na Twoje \u017c\u0105danie<\/td>\n<\/tr>\n<tr>\n<td>\n<p>ponadto, Twoje dane b\u0119d\u0105 przetwarzane do up\u0142ywu okresu, w kt\u00f3rym mo\u017cliwe jest dochodzenie roszcze\u0144 \u2013 przez Ciebie lub przez nas<\/p>\n<p>(wi\u0119cej informacji na ten temat znajdziesz w ostatniej tabeli tej sekcji)<\/p>\n<\/td>\n<\/tr>\n<tr>\n<th>Co si\u0119 stanie, je\u015bli nie podasz danych?<\/th>\n<\/tr>\n<tr>\n<td>nie b\u0119dziesz mie\u0107 mo\u017cliwo\u015bci za\u0142o\u017cenia konta i korzystania z jego funkcji, takich jak przegl\u0105danie historii zam\u00f3wie\u0144 czy sprawdzenie statusu zam\u00f3wienia<\/td>\n<\/tr>\n<\/tbody>\n<\/table>\n<h3>3.\u00a0Nawi\u0105zanie z nami kontaktu (np. w celu zadania pytania)<\/h3>\n<table>\n<tbody>\n<tr>\n<th colspan=\"2\">W jakim celu?<\/th>\n<\/tr>\n<tr>\n<td colspan=\"2\">obs\u0142uga Twoich zapyta\u0144 lub zg\u0142osze\u0144<\/td>\n<\/tr>\n<tr>\n<th colspan=\"2\">Na jakiej podstawie?<\/th>\n<\/tr>\n<tr>\n<td style=\"width: 50%;\">umowa lub dzia\u0142ania podejmowane na Twoje \u017c\u0105danie, zmierzaj\u0105ce do jej zawarcia (art. 6 ust. 1 lit. b RODO) \u2013 w przypadku, gdy Twoje zapytanie lub zg\u0142oszenie dotyczy umowy, kt\u00f3rej jeste\u015bmy lub mo\u017cemy by\u0107 stron\u0105<\/td>\n<td style=\"width: 50%;\">nasz prawnie uzasadniony interes, polegaj\u0105cy na przetwarzaniu Twoich danych w celu prowadzenia z Tob\u0105 komunikacji (art. 6 ust. 1 lit. f RODO) \u2013 je\u017celi Twoje zapytanie lub zg\u0142oszenie nie ma zwi\u0105zku z umow\u0105<\/td>\n<\/tr>\n<tr>\n<th colspan=\"2\">Jak d\u0142ugo?<\/th>\n<\/tr>\n<tr>\n<td style=\"width: 50%;\">przez czas trwania wi\u0105\u017c\u0105cej nas umowy lub \u2013 je\u015bli umowa nie zostanie zawarta &#8211;<br \/>do up\u0142ywu okresu dochodzenia roszcze\u0144 \u2013 zobacz ostatni\u0105 tabel\u0119 tej sekcji*<\/td>\n<td style=\"width: 50%;\">do up\u0142ywu okresu dochodzenia roszcze\u0144 \u2013 zobacz ostatni\u0105 tabel\u0119 tej sekcji &#8211;<br \/>lub do momentu, w kt\u00f3rym uwzgl\u0119dnimy Tw\u00f3j sprzeciw wobec przetwarzania*<\/td>\n<\/tr>\n<tr>\n<td colspan=\"2\">\n<p>ponadto, Twoje dane b\u0119d\u0105 przetwarzane do up\u0142ywu okresu, w kt\u00f3rym mo\u017cliwe jest dochodzenie roszcze\u0144 \u2013 przez Ciebie lub przez nas<\/p>\n<p>(wi\u0119cej informacji na ten temat znajdziesz w ostatniej tabeli tej sekcji)<\/p>\n<\/td>\n<\/tr>\n<tr>\n<th colspan=\"2\">Co si\u0119 stanie, je\u015bli nie podasz danych?<\/th>\n<\/tr>\n<tr>\n<td colspan=\"2\">nie b\u0119dziemy mieli mo\u017cliwo\u015bci udzielenia odpowiedzi na Twoje zapytanie lub zg\u0142oszenie<\/td>\n<\/tr>\n<\/tbody>\n<\/table>\n<p>* w zale\u017cno\u015bci od tego, kt\u00f3re ma zastosowanie w danym przypadku i kt\u00f3re nast\u0105pi najwcze\u015bniej<\/p>\n<h3>4.\u00a0Ustawienia przegl\u0105darki lub inne zbli\u017cone dzia\u0142anie zezwalaj\u0105ce na prowadzenie dzia\u0142a\u0144 analitycznych<\/h3>\n<table>\n<tbody>\n<tr>\n<th colspan=\"2\">W jakim celu?<\/th>\n<\/tr>\n<tr>\n<td colspan=\"2\">\n<p>analiza sposobu korzystania i poruszania si\u0119 przez Ciebie po stronie internetowej Sklepu, celem dostosowania strony do potrzeb i zachowania U\u017cytkownik\u00f3w<\/p>\n<p>(wi\u0119cej na ten temat przeczytasz w sekcji \u201eDzia\u0142ania analityczne\u201d i \u201ePliki cookies\u201d Polityki prywatno\u015bci)<\/p>\n<\/td>\n<\/tr>\n<tr>\n<th colspan=\"2\">Na jakiej podstawie?<\/th>\n<\/tr>\n<tr>\n<td colspan=\"2\">nasz prawnie uzasadniony interes, polegaj\u0105cy na przetwarzaniu danych w podanym wy\u017cej celu (art. 6 ust. 1 lit. f RODO)<\/td>\n<\/tr>\n<tr>\n<th colspan=\"2\">Jak d\u0142ugo?<\/th>\n<\/tr>\n<tr>\n<td colspan=\"2\">do momentu wyga\u015bni\u0119cia wa\u017cno\u015bci lub usuni\u0119cia przez Ciebie plik\u00f3w cookies, wykorzystywanych do cel\u00f3w analitycznych*<\/td>\n<\/tr>\n<tr>\n<th colspan=\"2\">Co si\u0119 stanie, je\u015bli nie podasz danych?<\/th>\n<\/tr>\n<tr>\n<td colspan=\"2\">nie uwzgl\u0119dnimy Twoich preferencji dotycz\u0105cych korzystania ze Sklepu w pracach nad jego rozwojem<\/td>\n<\/tr>\n<\/tbody>\n<\/table>\n<p>* w zale\u017cno\u015bci od tego, kt\u00f3re ma zastosowanie w danym przypadku i kt\u00f3re nast\u0105pi najwcze\u015bniej<\/p>\n<h3>5.\u00a0Wyra\u017cenie przez Ciebie zgody na otrzymywanie od nas tre\u015bci marketingowych (np. informacji o ofertach specjalnych)<\/h3>\n<table>\n<tbody>\n<tr>\n<th>W jakim celu?<\/th>\n<\/tr>\n<tr>\n<td>wysy\u0142ka informacji marketingowych, zw\u0142aszcza ofert specjalnych<\/td>\n<\/tr>\n<tr>\n<th>Na jakiej podstawie?<\/th>\n<\/tr>\n<tr>\n<td>Twoja zgoda na nasze dzia\u0142ania marketingowe (art. 6 ust. 1 lit. a RODO)<\/td>\n<\/tr>\n<tr>\n<th>Jak d\u0142ugo?<\/th>\n<\/tr>\n<tr>\n<td>do momentu wycofania przez Ciebie zgody \u2013 pami\u0119taj, w ka\u017cdej chwili mo\u017cesz wycofa\u0107 zgod\u0119. Przetwarzanie danych do momentu cofni\u0119cia przez Ciebie zgody pozostaje zgodne z prawem.<\/td>\n<\/tr>\n<tr>\n<td>\n<p>ponadto, Twoje dane b\u0119d\u0105 przetwarzane do up\u0142ywu okresu, w kt\u00f3rym mo\u017cliwe jest dochodzenie roszcze\u0144 \u2013 przez Ciebie lub przez nas<\/p>\n<p>(wi\u0119cej informacji na ten temat znajdziesz w ostatniej tabeli tej sekcji)<\/p>\n<\/td>\n<\/tr>\n<tr>\n<th>Co si\u0119 stanie, je\u015bli nie podasz danych?<\/th>\n<\/tr>\n<tr>\n<td>nie b\u0119dziesz otrzymywa\u0107 naszych materia\u0142\u00f3w marketingowych, w tym informacji o naszych ofertach specjalnych<\/td>\n<\/tr>\n<\/tbody>\n<\/table>\n<h3>6.\u00a0Subskrypcja newslettera<\/h3>\n<table>\n<tbody>\n<tr>\n<th colspan=\"2\">W jakim celu?<\/th>\n<\/tr>\n<tr>\n<td colspan=\"2\">wysy\u0142anie newslettera<\/td>\n<\/tr>\n<tr>\n<th colspan=\"2\">Na jakiej podstawie?<\/th>\n<\/tr>\n<tr>\n<td colspan=\"2\">umowa o \u015bwiadczenie us\u0142ugi wysy\u0142ki newslettera (art. 6 ust. 1 lit. b RODO)<\/td>\n<\/tr>\n<tr>\n<th colspan=\"2\">Jak d\u0142ugo?<\/th>\n<\/tr>\n<tr>\n<td colspan=\"2\">do momentu, w kt\u00f3rym wypiszesz si\u0119 z naszego newslettera<\/td>\n<\/tr>\n<tr>\n<td colspan=\"2\">\n<p>ponadto, Twoje dane b\u0119d\u0105 przetwarzane do up\u0142ywu okresu, w kt\u00f3rym mo\u017cliwe jest dochodzenie roszcze\u0144 \u2013 przez Ciebie lub przez nas<\/p>\n<p>(wi\u0119cej informacji na ten temat znajdziesz w ostatniej tabeli tej sekcji)<\/p>\n<\/td>\n<\/tr>\n<tr>\n<th colspan=\"2\">Co si\u0119 stanie, je\u015bli nie podasz danych?<\/th>\n<\/tr>\n<tr>\n<td colspan=\"2\">nie b\u0119dziesz mie\u0107 mo\u017cliwo\u015bci otrzymywania informacji dotycz\u0105cych Sklepu i naszych us\u0142ug<\/td>\n<\/tr>\n<\/tbody>\n<\/table>\n<h3>7.\u00a0Podj\u0119cie dzia\u0142ania lub zaniechanie mog\u0105ce powodowa\u0107 powstanie roszcze\u0144 zwi\u0105zanych ze Sklepem lub naszymi us\u0142ugami<\/h3>\n<table>\n<tbody>\n<tr>\n<th colspan=\"2\">W jakim celu?<\/th>\n<\/tr>\n<tr>\n<td colspan=\"2\">ustalenie, dochodzenie lub obrona ewentualnych roszcze\u0144, zwi\u0105zanych z zawart\u0105 umow\u0105 lub \u015bwiadczonymi us\u0142ugami<\/td>\n<\/tr>\n<tr>\n<th colspan=\"2\">Na jakiej podstawie?<\/th>\n<\/tr>\n<tr>\n<td colspan=\"2\">nasz prawnie uzasadniony interes, polegaj\u0105cy na przetwarzaniu danych osobowych we wskazanym powy\u017cej celu (art. 6 ust. 1 lit. f RODO)<\/td>\n<\/tr>\n<tr>\n<th colspan=\"2\">Jak d\u0142ugo?<\/th>\n<\/tr>\n<tr>\n<td colspan=\"2\">do up\u0142ywu okresu przedawnienia roszcze\u0144 lub do momentu, w kt\u00f3rym uwzgl\u0119dnimy Tw\u00f3j sprzeciw wobec przetwarzania*<\/td>\n<\/tr>\n<tr>\n<th colspan=\"2\">Co si\u0119 stanie, je\u015bli nie podasz danych?<\/th>\n<\/tr>\n<tr>\n<td colspan=\"2\">brak mo\u017cliwo\u015bci ustalenia, dochodzenia lub obrony roszcze\u0144<\/td>\n<\/tr>\n<\/tbody>\n<\/table>\n<p>* w zale\u017cno\u015bci od tego, kt\u00f3re ma zastosowanie w danym przypadku i kt\u00f3re nast\u0105pi najwcze\u015bniej<\/p>\n<\/section>\n<section>\n<h2>DZIA\u0141ANIA ANALITYCZNE<\/h2>\n<p>W ramach Sklepu prowadzimy dzia\u0142ania analityczne, maj\u0105ce na celu zwi\u0119kszenie jego intuicyjno\u015bci i przyst\u0119pno\u015bci \u2013 w odniesieniu do Ciebie b\u0119dzie to mia\u0142o miejsce, je\u015bli zezwolisz na takie dzia\u0142ania. W ramach analizy b\u0119dziemy bra\u0107 pod uwag\u0119 spos\u00f3b, w jaki poruszasz si\u0119 po Sklepie \u2013 a wi\u0119c np. to, ile czasu sp\u0119dzasz na danej podstronie, czy w kt\u00f3re miejsca w Sklepie klikasz. Dzi\u0119ki temu mo\u017cemy dostosowa\u0107 uk\u0142ad i\u00a0wygl\u0105d Sklepu oraz zamieszczane w nim tre\u015bci do potrzeb U\u017cytkownik\u00f3w.<\/p>\n<\/section>\n<section>\n<h2>BEZPIECZE\u0143STWO DANYCH<\/h2>\n<p>Przetwarzaj\u0105c Twoje dane osobowe stosujemy \u015brodki organizacyjne i techniczne zgodne z w\u0142a\u015bciwymi przepisami prawa, w tym stosujemy szyfrowanie po\u0142\u0105czenia za pomoc\u0105 certyfikatu SSL.<\/p>\n<\/section>\n<section>\n<h2>PLIKI COOKIES<\/h2>\n<p>Nasz Sklep, jak wi\u0119kszo\u015b\u0107 witryn internetowych, korzysta z tzw. plik\u00f3w cookies (ciasteczek). Pliki te:<\/p>\n<ul>\n<li>s\u0105 zapisywane w pami\u0119ci Twojego urz\u0105dzenia (komputera, telefonu, itd.);<\/li>\n<li>nie powoduj\u0105 zmian w ustawieniach Twojego urz\u0105dzenia.<\/li>\n<\/ul>\n<p>W tym Sklepie ciasteczka wykorzystywane s\u0105 w celach:<\/p>\n<ul>\n<li>zapami\u0119tywania Twojej sesji<\/li>\n<li>statystycznych<\/li>\n<\/ul>\n<p>Aby dowiedzie\u0107 si\u0119, jak zarz\u0105dza\u0107 plikami cookies, w tym jak wy\u0142\u0105czy\u0107 ich obs\u0142ug\u0119 w Twojej przegl\u0105darce, mo\u017cesz skorzysta\u0107 z pliku pomocy Twojej przegl\u0105darki. Z informacjami na ten temat mo\u017cesz zapozna\u0107 si\u0119 wciskaj\u0105c klawisz F1 w przegl\u0105darce. Ponadto odpowiednie wskaz\u00f3wki znajdziesz na nast\u0119puj\u0105cych podstronach, w zale\u017cno\u015bci od przegl\u0105darki, kt\u00f3rej u\u017cywasz:<\/p>\n<ul>\n<li><a href=\"https:\/\/support.mozilla.org\/pl\/kb\/wzmocniona-ochrona-przed-sledzeniem-firefox-desktop?redirectlocale=pl&amp;redirectslug=W%C5%82%C4%85czanie+i+wy%C5%82%C4%85czanie+obs%C5%82ugi+ciasteczek\" target=\"_blank\" rel=\"noopener\">Firefox<\/a><\/li>\n<li><a href=\"https:\/\/support.google.com\/chrome\/answer\/95647?hl=pl\" target=\"_blank\" rel=\"noopener\">Chrome<\/a><\/li>\n<li><a href=\"https:\/\/support.apple.com\/pl-pl\/guide\/safari\/sfri11471\/mac\" target=\"_blank\" rel=\"noopener\">Safari<\/a><\/li>\n<li><a href=\"https:\/\/support.microsoft.com\/pl-pl\/help\/4468242\/microsoft-edge-browsing-data-and-privacy\" target=\"_blank\" rel=\"noopener\">Internet Explorer \/ Microsoft Edge<\/a><\/li>\n<\/ul>\n<p>Pliki cookies nie b\u0119d\u0105 przetwarzane przez nas d\u0142u\u017cej ni\u017c 1 dzie\u0144 od ostatniej wizyty w Sklepie.<\/p>\n<p>Korzystaj\u0105c z odpowiednich opcji Twojej przegl\u0105darki, w ka\u017cdej chwili mo\u017cesz:<\/p>\n<ul>\n<li>usun\u0105\u0107 pliki cookies,<\/li>\n<li>blokowa\u0107 wykorzystanie plik\u00f3w cookies w przysz\u0142o\u015bci.<\/li>\n<\/ul>\n<p>W takich przypadkach nie b\u0119dziemy ich ju\u017c d\u0142u\u017cej przetwarza\u0107.<\/p>\n<p>Wi\u0119cej informacji o plikach cookies znajdziesz w <a href=\"https:\/\/pl.wikipedia.org\/wiki\/HTTP_cookie\">Wikipedii<\/a>.<\/p>\n<\/section>\n<section>\n<h2>US\u0141UGI ZEWN\u0118TRZNE \/ ODBIORCY DANYCH<\/h2>\n<p>Korzystamy z us\u0142ug podmiot\u00f3w zewn\u0119trznych, kt\u00f3re wspieraj\u0105 nas w prowadzeniu dzia\u0142alno\u015bci. Powierzamy im do przetwarzania Twoje dane \u2013 podmioty te przetwarzaj\u0105 dane wy\u0142\u0105cznie na nasze udokumentowane polecenie.<\/p>\n<p>Poni\u017cej znajdziesz list\u0119 odbiorc\u00f3w Twoich danych:<\/p>\n<table>\n<tbody>\n<tr>\n<th>DZIA\u0141ANIE<\/th>\n<th>ODBIORCY DANYCH<\/th>\n<th>PRZEKAZANIE DANYCH POZA UNI\u0118 EUROPEJSK\u0104<\/th>\n<\/tr>\n<tr>\n<th rowspan=\"3\">ka\u017cde dzia\u0142anie w zwi\u0105zku ze Sklepem<\/th>\n<td>podmiot zapewniaj\u0105cy nam wsparcie techniczne\/IT<\/td>\n<td>nie ma miejsca<\/td>\n<\/tr>\n<tr>\n<td>osoby wsp\u00f3\u0142pracuj\u0105ce z nami na podstawie um\u00f3w cywilnoprawnych, wspieraj\u0105ce nasz\u0105 bie\u017c\u0105c\u0105 dzia\u0142alno\u015b\u0107<\/td>\n<td>nie ma miejsca<\/td>\n<\/tr>\n<tr>\n<td>ksiegowosc<\/td>\n<td>nie ma miejsca<\/td>\n<\/tr>\n<tr>\n<th rowspan=\"1\">przebywanie na stronie Sklepu z ustawieniami zezwalaj\u0105cymi na prowadzenie dzia\u0142a\u0144 marketingowych<\/th>\n<td>podmiot zapewniaj\u0105cy us\u0142ugi marketingowe<\/td>\n<td>nie ma miejsca<\/td>\n<\/tr>\n<tr>\n<th rowspan=\"1\">przebywanie na stronie Sklepu z ustawieniami zezwalaj\u0105cymi na prowadzenie dzia\u0142a\u0144 analitycznych<\/th>\n<td>podmiot umo\u017cliwiaj\u0105cy dzia\u0142ania analityczne na stronie<\/td>\n<td>nie ma miejsca<\/td>\n<\/tr>\n<tr>\n<th rowspan=\"4\">z\u0142o\u017cenie zam\u00f3wienia w Sklepie<\/th>\n<td>dostawca p\u0142atno\u015bci<\/td>\n<td>nie ma miejsca<\/td>\n<\/tr>\n<tr>\n<td>dostawca oprogramowania u\u0142atwiaj\u0105cego prowadzenie dzia\u0142alno\u015bci (np. oprogramowanie ksi\u0119gowe)<\/td>\n<td>nie ma miejsca<\/td>\n<\/tr>\n<tr>\n<td>dostawca standardowego oprogramowania biurowego (w tym skrzynki poczty elektronicznej)<\/td>\n<td>nie ma miejsca<\/td>\n<\/tr>\n<tr>\n<td>biuro rachunkowe<\/td>\n<td>nie ma miejsca<\/td>\n<\/tr>\n<tr>\n<th rowspan=\"1\">zapis na newsletter lub wyra\u017cenie zgody na przesy\u0142anie wiadomo\u015bci marketingowych<\/th>\n<td>podmiot zapewniaj\u0105cy wysy\u0142k\u0119 newslettera lub wiadomo\u015bci marketingowych<\/td>\n<td>nie ma miejsca<\/td>\n<\/tr>\n<tr>\n<th rowspan=\"1\">skorzystanie przez Ciebie z us\u0142ug dostarczanych nam w zwi\u0105zku ze Sklepem przez portale spo\u0142eczno\u015bciowe<\/th>\n<td>portale spo\u0142eczno\u015bciowe<\/td>\n<td>nie ma miejsca<\/td>\n<\/tr>\n<tr>\n<th rowspan=\"1\">nawi\u0105zanie z nami kontaktu (np. zadanie pytania)<\/th>\n<td>dostawca standardowego oprogramowania biurowego (w tym skrzynki poczty elektronicznej)<\/td>\n<td>nie ma miejsca<\/td>\n<\/tr>\n<\/tbody>\n<\/table>\n<p>A ponadto:<\/p>\n<p>odpowiednie organy publiczne w zakresie, w jakim jeste\u015bmy zobowi\u0105zani do udost\u0119pnienia im danych.<\/p>\n<\/section>\n<p>\n<p>\u00a0<\/p>\n\n\t\t<\/div>\n\t<\/div>\n<\/div><\/div><\/div><\/div>","protected":false},"excerpt":{"rendered":"\u00a0 Drogi U\u017cytkowniku! Dbamy o Twoj\u0105 prywatno\u015b\u0107 i chcemy, aby\u015b w czasie korzystania z naszych us\u0142ug czu\u0142 si\u0119 komfortowo. Dlatego te\u017c poni\u017cej prezentujemy Ci najwa\u017cniejsze informacje o zasadach przetwarzania przez nas Twoich danych osobowych oraz plikach cookies, kt\u00f3re s\u0105 wykorzystywane przez nasz Sklep. Informacje te zosta\u0142y przygotowane z uwzgl\u0119dnieniem RODO, czyli og\u00f3lnego rozporz\u0105dzenia o ochronie&hellip;","protected":false},"author":1,"featured_media":0,"parent":0,"menu_order":0,"comment_status":"closed","ping_status":"closed","template":"","meta":{"_monsterinsights_skip_tracking":false,"_monsterinsights_sitenote_active":false,"_monsterinsights_sitenote_note":"","_monsterinsights_sitenote_category":0,"footnotes":""},"class_list":["post-51","page","type-page","status-publish","hentry"],"yoast_head":"<!-- This site is optimized with the Yoast SEO plugin v21.2 - https:\/\/yoast.com\/wordpress\/plugins\/seo\/ -->\n<title>Privacy -<\/title>\n<meta name=\"robots\" content=\"index, follow, max-snippet:-1, max-image-preview:large, max-video-preview:-1\" \/>\n<link rel=\"canonical\" href=\"https:\/\/www.noonsilk.com\/pl\/privacy\/\" \/>\n<meta property=\"og:locale\" content=\"pl_PL\" \/>\n<meta property=\"og:type\" content=\"article\" \/>\n<meta property=\"og:title\" content=\"Privacy -\" \/>\n<meta property=\"og:url\" content=\"https:\/\/www.noonsilk.com\/pl\/privacy\/\" \/>\n<meta property=\"article:publisher\" content=\"https:\/\/www.facebook.com\/105396738135143\" \/>\n<meta property=\"article:modified_time\" content=\"2021-12-09T08:21:13+00:00\" \/>\n<meta name=\"twitter:card\" content=\"summary_large_image\" \/>\n<meta name=\"twitter:label1\" content=\"Szacowany czas czytania\" \/>\n\t<meta name=\"twitter:data1\" content=\"19 minut\" \/>\n<script type=\"application\/ld+json\" class=\"yoast-schema-graph\">{\"@context\":\"https:\/\/schema.org\",\"@graph\":[{\"@type\":\"WebPage\",\"@id\":\"https:\/\/www.noonsilk.com\/en\/privacy\/\",\"url\":\"https:\/\/www.noonsilk.com\/en\/privacy\/\",\"name\":\"Privacy -\",\"isPartOf\":{\"@id\":\"https:\/\/www.noonsilk.com\/en\/#website\"},\"datePublished\":\"2020-01-28T14:58:43+00:00\",\"dateModified\":\"2021-12-09T08:21:13+00:00\",\"breadcrumb\":{\"@id\":\"https:\/\/www.noonsilk.com\/en\/privacy\/#breadcrumb\"},\"inLanguage\":\"pl-PL\",\"potentialAction\":[{\"@type\":\"ReadAction\",\"target\":[\"https:\/\/www.noonsilk.com\/en\/privacy\/\"]}]},{\"@type\":\"BreadcrumbList\",\"@id\":\"https:\/\/www.noonsilk.com\/en\/privacy\/#breadcrumb\",\"itemListElement\":[{\"@type\":\"ListItem\",\"position\":1,\"name\":\"Strona g\u0142\u00f3wna\",\"item\":\"https:\/\/www.noonsilk.com\/\"},{\"@type\":\"ListItem\",\"position\":2,\"name\":\"Privacy\"}]},{\"@type\":\"WebSite\",\"@id\":\"https:\/\/www.noonsilk.com\/en\/#website\",\"url\":\"https:\/\/www.noonsilk.com\/en\/\",\"name\":\"\",\"description\":\"Noon\",\"publisher\":{\"@id\":\"https:\/\/www.noonsilk.com\/en\/#organization\"},\"potentialAction\":[{\"@type\":\"SearchAction\",\"target\":{\"@type\":\"EntryPoint\",\"urlTemplate\":\"https:\/\/www.noonsilk.com\/en\/?s={search_term_string}\"},\"query-input\":\"required name=search_term_string\"}],\"inLanguage\":\"pl-PL\"},{\"@type\":\"Organization\",\"@id\":\"https:\/\/www.noonsilk.com\/en\/#organization\",\"name\":\"Noon\",\"url\":\"https:\/\/www.noonsilk.com\/en\/\",\"logo\":{\"@type\":\"ImageObject\",\"inLanguage\":\"pl-PL\",\"@id\":\"https:\/\/www.noonsilk.com\/en\/#\/schema\/logo\/image\/\",\"url\":\"https:\/\/www.noonsilk.com\/wp-content\/uploads\/2021\/06\/cropped-logo_biale.jpg\",\"contentUrl\":\"https:\/\/www.noonsilk.com\/wp-content\/uploads\/2021\/06\/cropped-logo_biale.jpg\",\"width\":512,\"height\":512,\"caption\":\"Noon\"},\"image\":{\"@id\":\"https:\/\/www.noonsilk.com\/en\/#\/schema\/logo\/image\/\"},\"sameAs\":[\"https:\/\/www.facebook.com\/105396738135143\",\"https:\/\/www.instagram.com\/noon.silk\/\"]}]}<\/script>\n<!-- \/ Yoast SEO plugin. -->","yoast_head_json":{"title":"Privacy -","robots":{"index":"index","follow":"follow","max-snippet":"max-snippet:-1","max-image-preview":"max-image-preview:large","max-video-preview":"max-video-preview:-1"},"canonical":"https:\/\/www.noonsilk.com\/pl\/privacy\/","og_locale":"pl_PL","og_type":"article","og_title":"Privacy -","og_url":"https:\/\/www.noonsilk.com\/pl\/privacy\/","article_publisher":"https:\/\/www.facebook.com\/105396738135143","article_modified_time":"2021-12-09T08:21:13+00:00","twitter_card":"summary_large_image","twitter_misc":{"Szacowany czas czytania":"19 minut"},"schema":{"@context":"https:\/\/schema.org","@graph":[{"@type":"WebPage","@id":"https:\/\/www.noonsilk.com\/en\/privacy\/","url":"https:\/\/www.noonsilk.com\/en\/privacy\/","name":"Privacy -","isPartOf":{"@id":"https:\/\/www.noonsilk.com\/en\/#website"},"datePublished":"2020-01-28T14:58:43+00:00","dateModified":"2021-12-09T08:21:13+00:00","breadcrumb":{"@id":"https:\/\/www.noonsilk.com\/en\/privacy\/#breadcrumb"},"inLanguage":"pl-PL","potentialAction":[{"@type":"ReadAction","target":["https:\/\/www.noonsilk.com\/en\/privacy\/"]}]},{"@type":"BreadcrumbList","@id":"https:\/\/www.noonsilk.com\/en\/privacy\/#breadcrumb","itemListElement":[{"@type":"ListItem","position":1,"name":"Strona g\u0142\u00f3wna","item":"https:\/\/www.noonsilk.com\/"},{"@type":"ListItem","position":2,"name":"Privacy"}]},{"@type":"WebSite","@id":"https:\/\/www.noonsilk.com\/en\/#website","url":"https:\/\/www.noonsilk.com\/en\/","name":"","description":"Noon","publisher":{"@id":"https:\/\/www.noonsilk.com\/en\/#organization"},"potentialAction":[{"@type":"SearchAction","target":{"@type":"EntryPoint","urlTemplate":"https:\/\/www.noonsilk.com\/en\/?s={search_term_string}"},"query-input":"required name=search_term_string"}],"inLanguage":"pl-PL"},{"@type":"Organization","@id":"https:\/\/www.noonsilk.com\/en\/#organization","name":"Noon","url":"https:\/\/www.noonsilk.com\/en\/","logo":{"@type":"ImageObject","inLanguage":"pl-PL","@id":"https:\/\/www.noonsilk.com\/en\/#\/schema\/logo\/image\/","url":"https:\/\/www.noonsilk.com\/wp-content\/uploads\/2021\/06\/cropped-logo_biale.jpg","contentUrl":"https:\/\/www.noonsilk.com\/wp-content\/uploads\/2021\/06\/cropped-logo_biale.jpg","width":512,"height":512,"caption":"Noon"},"image":{"@id":"https:\/\/www.noonsilk.com\/en\/#\/schema\/logo\/image\/"},"sameAs":["https:\/\/www.facebook.com\/105396738135143","https:\/\/www.instagram.com\/noon.silk\/"]}]}},"jetpack_sharing_enabled":true,"_links":{"self":[{"href":"https:\/\/www.noonsilk.com\/pl\/wp-json\/wp\/v2\/pages\/51","targetHints":{"allow":["GET"]}}],"collection":[{"href":"https:\/\/www.noonsilk.com\/pl\/wp-json\/wp\/v2\/pages"}],"about":[{"href":"https:\/\/www.noonsilk.com\/pl\/wp-json\/wp\/v2\/types\/page"}],"author":[{"embeddable":true,"href":"https:\/\/www.noonsilk.com\/pl\/wp-json\/wp\/v2\/users\/1"}],"replies":[{"embeddable":true,"href":"https:\/\/www.noonsilk.com\/pl\/wp-json\/wp\/v2\/comments?post=51"}],"version-history":[{"count":7,"href":"https:\/\/www.noonsilk.com\/pl\/wp-json\/wp\/v2\/pages\/51\/revisions"}],"predecessor-version":[{"id":1993,"href":"https:\/\/www.noonsilk.com\/pl\/wp-json\/wp\/v2\/pages\/51\/revisions\/1993"}],"wp:attachment":[{"href":"https:\/\/www.noonsilk.com\/pl\/wp-json\/wp\/v2\/media?parent=51"}],"curies":[{"name":"wp","href":"https:\/\/api.w.org\/{rel}","templated":true}]}}