{"id":2963,"date":"2024-12-02T22:57:15","date_gmt":"2024-12-02T21:57:15","guid":{"rendered":"https:\/\/www.noonsilk.com\/?post_type=product&#038;p=2963"},"modified":"2025-11-27T13:24:40","modified_gmt":"2025-11-27T12:24:40","slug":"silk-scrunchie-large-emerald","status":"publish","type":"product","link":"https:\/\/www.noonsilk.com\/en\/product\/silk-scrunchie-large-emerald\/","title":{"rendered":"Silk scrunchie large Emerald"},"content":{"rendered":"","protected":false},"excerpt":{"rendered":"<p class=\"p1\">A big silk scrunchie will be elegant and delicate to any day and evening styling.<\/p>\n<p class=\"p1\">The silk scrunchie does not damage the hair and does not crush it at the tied point.<\/p>\n<p>The box is not a part of this product. You can buy it separately.<\/p>\n<p class=\"p1\"><strong>Made in Poland.<\/strong><\/p>\n<p>&nbsp;<\/p>\n","protected":false},"featured_media":2966,"template":"","meta":{"_monsterinsights_skip_tracking":false,"_monsterinsights_sitenote_active":false,"_monsterinsights_sitenote_note":"","_monsterinsights_sitenote_category":0},"product_brand":[],"product_cat":[220],"product_tag":[],"class_list":{"0":"post-2963","1":"product","2":"type-product","3":"status-publish","4":"has-post-thumbnail","6":"product_cat-scrunchies","8":"first","9":"instock","10":"taxable","11":"shipping-taxable","12":"purchasable","13":"product-type-simple"},"yoast_head":"<!-- This site is optimized with the Yoast SEO plugin v21.2 - https:\/\/yoast.com\/wordpress\/plugins\/seo\/ -->\n<title>Silk scrunchie large Emerald -<\/title>\n<meta name=\"description\" content=\"Du\u017ca jedwabna gumka do w\u0142os\u00f3w. Uszyta z najwy\u017cszej jako\u015bci w\u0142oskiego jedwabiu morwowego pomo\u017ce utrzyma\u0107 Twoje w\u0142osy w najlepszej formie.\" \/>\n<meta name=\"robots\" content=\"index, follow, max-snippet:-1, max-video-preview:-1, noimageindex\" \/>\n<link rel=\"canonical\" href=\"https:\/\/www.noonsilk.com\/en\/product\/silk-scrunchie-large-emerald\/\" \/>\n<meta property=\"og:locale\" content=\"en_US\" \/>\n<meta property=\"og:type\" content=\"article\" \/>\n<meta property=\"og:title\" content=\"Silk scrunchie large Emerald -\" \/>\n<meta property=\"og:description\" content=\"Du\u017ca jedwabna gumka do w\u0142os\u00f3w. Uszyta z najwy\u017cszej jako\u015bci w\u0142oskiego jedwabiu morwowego pomo\u017ce utrzyma\u0107 Twoje w\u0142osy w najlepszej formie.\" \/>\n<meta property=\"og:url\" content=\"https:\/\/www.noonsilk.com\/en\/product\/silk-scrunchie-large-emerald\/\" \/>\n<meta property=\"article:publisher\" content=\"https:\/\/www.facebook.com\/105396738135143\" \/>\n<meta property=\"article:modified_time\" content=\"2025-11-27T12:24:40+00:00\" \/>\n<meta property=\"og:image\" content=\"https:\/\/www.noonsilk.com\/wp-content\/uploads\/2024\/12\/lgemerlightpng.png\" \/>\n\t<meta property=\"og:image:width\" content=\"3764\" \/>\n\t<meta property=\"og:image:height\" content=\"5646\" \/>\n\t<meta property=\"og:image:type\" content=\"image\/png\" \/>\n<meta name=\"twitter:card\" content=\"summary_large_image\" \/>\n<script type=\"application\/ld+json\" class=\"yoast-schema-graph\">{\"@context\":\"https:\/\/schema.org\",\"@graph\":[{\"@type\":\"WebPage\",\"@id\":\"https:\/\/www.noonsilk.com\/product\/silk-scrunchie-large-emerald\/\",\"url\":\"https:\/\/www.noonsilk.com\/product\/silk-scrunchie-large-emerald\/\",\"name\":\"Silk scrunchie large Emerald -\",\"isPartOf\":{\"@id\":\"https:\/\/www.noonsilk.com\/en\/#website\"},\"datePublished\":\"2024-12-02T21:57:15+00:00\",\"dateModified\":\"2025-11-27T12:24:40+00:00\",\"description\":\"Du\u017ca jedwabna gumka do w\u0142os\u00f3w. Uszyta z najwy\u017cszej jako\u015bci w\u0142oskiego jedwabiu morwowego pomo\u017ce utrzyma\u0107 Twoje w\u0142osy w najlepszej formie.\",\"breadcrumb\":{\"@id\":\"https:\/\/www.noonsilk.com\/product\/silk-scrunchie-large-emerald\/#breadcrumb\"},\"inLanguage\":\"en-US\",\"potentialAction\":[{\"@type\":\"ReadAction\",\"target\":[\"https:\/\/www.noonsilk.com\/product\/silk-scrunchie-large-emerald\/\"]}]},{\"@type\":\"BreadcrumbList\",\"@id\":\"https:\/\/www.noonsilk.com\/product\/silk-scrunchie-large-emerald\/#breadcrumb\",\"itemListElement\":[{\"@type\":\"ListItem\",\"position\":1,\"name\":\"Strona g\u0142\u00f3wna\",\"item\":\"https:\/\/www.noonsilk.com\/\"},{\"@type\":\"ListItem\",\"position\":2,\"name\":\"Shop\",\"item\":\"https:\/\/www.noonsilk.com\/pl\/shop\/\"},{\"@type\":\"ListItem\",\"position\":3,\"name\":\"du\u017ca jedwabna gumka sea sand\"}]},{\"@type\":\"WebSite\",\"@id\":\"https:\/\/www.noonsilk.com\/en\/#website\",\"url\":\"https:\/\/www.noonsilk.com\/en\/\",\"name\":\"\",\"description\":\"Noon\",\"publisher\":{\"@id\":\"https:\/\/www.noonsilk.com\/en\/#organization\"},\"potentialAction\":[{\"@type\":\"SearchAction\",\"target\":{\"@type\":\"EntryPoint\",\"urlTemplate\":\"https:\/\/www.noonsilk.com\/en\/?s={search_term_string}\"},\"query-input\":\"required name=search_term_string\"}],\"inLanguage\":\"en-US\"},{\"@type\":\"Organization\",\"@id\":\"https:\/\/www.noonsilk.com\/en\/#organization\",\"name\":\"Noon\",\"url\":\"https:\/\/www.noonsilk.com\/en\/\",\"logo\":{\"@type\":\"ImageObject\",\"inLanguage\":\"en-US\",\"@id\":\"https:\/\/www.noonsilk.com\/en\/#\/schema\/logo\/image\/\",\"url\":\"https:\/\/www.noonsilk.com\/wp-content\/uploads\/2021\/06\/cropped-logo_biale.jpg\",\"contentUrl\":\"https:\/\/www.noonsilk.com\/wp-content\/uploads\/2021\/06\/cropped-logo_biale.jpg\",\"width\":512,\"height\":512,\"caption\":\"Noon\"},\"image\":{\"@id\":\"https:\/\/www.noonsilk.com\/en\/#\/schema\/logo\/image\/\"},\"sameAs\":[\"https:\/\/www.facebook.com\/105396738135143\",\"https:\/\/www.instagram.com\/noon.silk\/\"]}]}<\/script>\n<!-- \/ Yoast SEO plugin. -->","yoast_head_json":{"title":"Silk scrunchie large Emerald -","description":"Du\u017ca jedwabna gumka do w\u0142os\u00f3w. Uszyta z najwy\u017cszej jako\u015bci w\u0142oskiego jedwabiu morwowego pomo\u017ce utrzyma\u0107 Twoje w\u0142osy w najlepszej formie.","robots":{"index":"index","follow":"follow","max-snippet":"max-snippet:-1","max-video-preview":"max-video-preview:-1","imageindex":"noimageindex"},"canonical":"https:\/\/www.noonsilk.com\/en\/product\/silk-scrunchie-large-emerald\/","og_locale":"en_US","og_type":"article","og_title":"Silk scrunchie large Emerald -","og_description":"Du\u017ca jedwabna gumka do w\u0142os\u00f3w. Uszyta z najwy\u017cszej jako\u015bci w\u0142oskiego jedwabiu morwowego pomo\u017ce utrzyma\u0107 Twoje w\u0142osy w najlepszej formie.","og_url":"https:\/\/www.noonsilk.com\/en\/product\/silk-scrunchie-large-emerald\/","article_publisher":"https:\/\/www.facebook.com\/105396738135143","article_modified_time":"2025-11-27T12:24:40+00:00","og_image":[{"width":3764,"height":5646,"url":"https:\/\/www.noonsilk.com\/wp-content\/uploads\/2024\/12\/lgemerlightpng.png","type":"image\/png"}],"twitter_card":"summary_large_image","schema":{"@context":"https:\/\/schema.org","@graph":[{"@type":"WebPage","@id":"https:\/\/www.noonsilk.com\/product\/silk-scrunchie-large-emerald\/","url":"https:\/\/www.noonsilk.com\/product\/silk-scrunchie-large-emerald\/","name":"Silk scrunchie large Emerald -","isPartOf":{"@id":"https:\/\/www.noonsilk.com\/en\/#website"},"datePublished":"2024-12-02T21:57:15+00:00","dateModified":"2025-11-27T12:24:40+00:00","description":"Du\u017ca jedwabna gumka do w\u0142os\u00f3w. Uszyta z najwy\u017cszej jako\u015bci w\u0142oskiego jedwabiu morwowego pomo\u017ce utrzyma\u0107 Twoje w\u0142osy w najlepszej formie.","breadcrumb":{"@id":"https:\/\/www.noonsilk.com\/product\/silk-scrunchie-large-emerald\/#breadcrumb"},"inLanguage":"en-US","potentialAction":[{"@type":"ReadAction","target":["https:\/\/www.noonsilk.com\/product\/silk-scrunchie-large-emerald\/"]}]},{"@type":"BreadcrumbList","@id":"https:\/\/www.noonsilk.com\/product\/silk-scrunchie-large-emerald\/#breadcrumb","itemListElement":[{"@type":"ListItem","position":1,"name":"Strona g\u0142\u00f3wna","item":"https:\/\/www.noonsilk.com\/"},{"@type":"ListItem","position":2,"name":"Shop","item":"https:\/\/www.noonsilk.com\/pl\/shop\/"},{"@type":"ListItem","position":3,"name":"du\u017ca jedwabna gumka sea sand"}]},{"@type":"WebSite","@id":"https:\/\/www.noonsilk.com\/en\/#website","url":"https:\/\/www.noonsilk.com\/en\/","name":"","description":"Noon","publisher":{"@id":"https:\/\/www.noonsilk.com\/en\/#organization"},"potentialAction":[{"@type":"SearchAction","target":{"@type":"EntryPoint","urlTemplate":"https:\/\/www.noonsilk.com\/en\/?s={search_term_string}"},"query-input":"required name=search_term_string"}],"inLanguage":"en-US"},{"@type":"Organization","@id":"https:\/\/www.noonsilk.com\/en\/#organization","name":"Noon","url":"https:\/\/www.noonsilk.com\/en\/","logo":{"@type":"ImageObject","inLanguage":"en-US","@id":"https:\/\/www.noonsilk.com\/en\/#\/schema\/logo\/image\/","url":"https:\/\/www.noonsilk.com\/wp-content\/uploads\/2021\/06\/cropped-logo_biale.jpg","contentUrl":"https:\/\/www.noonsilk.com\/wp-content\/uploads\/2021\/06\/cropped-logo_biale.jpg","width":512,"height":512,"caption":"Noon"},"image":{"@id":"https:\/\/www.noonsilk.com\/en\/#\/schema\/logo\/image\/"},"sameAs":["https:\/\/www.facebook.com\/105396738135143","https:\/\/www.instagram.com\/noon.silk\/"]}]}},"jetpack_sharing_enabled":true,"_links":{"self":[{"href":"https:\/\/www.noonsilk.com\/en\/wp-json\/wp\/v2\/product\/2963","targetHints":{"allow":["GET"]}}],"collection":[{"href":"https:\/\/www.noonsilk.com\/en\/wp-json\/wp\/v2\/product"}],"about":[{"href":"https:\/\/www.noonsilk.com\/en\/wp-json\/wp\/v2\/types\/product"}],"wp:featuredmedia":[{"embeddable":true,"href":"https:\/\/www.noonsilk.com\/en\/wp-json\/wp\/v2\/media\/2966"}],"wp:attachment":[{"href":"https:\/\/www.noonsilk.com\/en\/wp-json\/wp\/v2\/media?parent=2963"}],"wp:term":[{"taxonomy":"product_brand","embeddable":true,"href":"https:\/\/www.noonsilk.com\/en\/wp-json\/wp\/v2\/product_brand?post=2963"},{"taxonomy":"product_cat","embeddable":true,"href":"https:\/\/www.noonsilk.com\/en\/wp-json\/wp\/v2\/product_cat?post=2963"},{"taxonomy":"product_tag","embeddable":true,"href":"https:\/\/www.noonsilk.com\/en\/wp-json\/wp\/v2\/product_tag?post=2963"}],"curies":[{"name":"wp","href":"https:\/\/api.w.org\/{rel}","templated":true}]}}