{"id":2159,"date":"2022-12-01T22:05:30","date_gmt":"2022-12-01T21:05:30","guid":{"rendered":"https:\/\/www.noonsilk.com\/?post_type=product&#038;p=2159"},"modified":"2025-11-13T22:15:00","modified_gmt":"2025-11-13T21:15:00","slug":"pillowcase-deep-dark","status":"publish","type":"product","link":"https:\/\/www.noonsilk.com\/en\/product\/pillowcase-deep-dark\/","title":{"rendered":"Pillowcase Deep Black"},"content":{"rendered":"","protected":false},"excerpt":{"rendered":"<p class=\"p1\">Smooth textured silk pillowcase with an envelope closure in two sizes.<\/p>\n<p class=\"p1\">Silk is a material that will not irritate your skin, and will also prevent facial wrinkles that arise as a result of bruises during sleep.<\/p>\n<p class=\"p1\">It has hypoallergenic properties.<\/p>\n<p class=\"p1\">Pillowcases made of natural silk perfectly support the daily hygiene of hair, preventing them from breaking, dropping and split ends.<\/p>\n<p class=\"p1\">Regularly sleeping on a silk cover prevents your hair from breaking and helps keep its natural shine.<\/p>\n<p class=\"p1\">A silk pillowcase will help you feel special!<\/p>\n<p><strong>Made in Poland<\/strong><\/p>\n","protected":false},"featured_media":2172,"template":"","meta":{"_monsterinsights_skip_tracking":false,"_monsterinsights_sitenote_active":false,"_monsterinsights_sitenote_note":"","_monsterinsights_sitenote_category":0},"product_brand":[],"product_cat":[228],"product_tag":[],"class_list":{"0":"post-2159","1":"product","2":"type-product","3":"status-publish","4":"has-post-thumbnail","6":"product_cat-pillowcases","8":"first","9":"instock","10":"taxable","11":"shipping-taxable","12":"purchasable","13":"product-type-variable","14":"has-default-attributes"},"yoast_head":"<!-- This site is optimized with the Yoast SEO plugin v21.2 - https:\/\/yoast.com\/wordpress\/plugins\/seo\/ -->\n<title>Pillowcase Deep Black -<\/title>\n<meta name=\"description\" content=\"Jedwabne poszewki na poduszki - luksusowa propozycja dla mi\u0142o\u015bnik\u00f3w wysokiej jako\u015bci. Nasze poszewki wykonane s\u0105 z 100% naturalnego jedwabiu, dzi\u0119ki czemu s\u0105 delikatne i przyjemne w dotyku. Posiadamy szeroki wyb\u00f3r kolor\u00f3w i wzor\u00f3w, dzi\u0119ki czemu ka\u017cdy znajdzie co\u015b dla siebie. Zobacz nasz\u0105 ofert\u0119 ju\u017c dzi\u015b!\" \/>\n<meta name=\"robots\" content=\"index, follow, max-snippet:-1, max-image-preview:large, max-video-preview:-1\" \/>\n<link rel=\"canonical\" href=\"https:\/\/www.noonsilk.com\/en\/product\/pillowcase-deep-dark\/\" \/>\n<meta property=\"og:locale\" content=\"en_US\" \/>\n<meta property=\"og:type\" content=\"article\" \/>\n<meta property=\"og:title\" content=\"Pillowcase Deep Black -\" \/>\n<meta property=\"og:description\" content=\"Jedwabne poszewki na poduszki - luksusowa propozycja dla mi\u0142o\u015bnik\u00f3w wysokiej jako\u015bci. Nasze poszewki wykonane s\u0105 z 100% naturalnego jedwabiu, dzi\u0119ki czemu s\u0105 delikatne i przyjemne w dotyku. Posiadamy szeroki wyb\u00f3r kolor\u00f3w i wzor\u00f3w, dzi\u0119ki czemu ka\u017cdy znajdzie co\u015b dla siebie. Zobacz nasz\u0105 ofert\u0119 ju\u017c dzi\u015b!\" \/>\n<meta property=\"og:url\" content=\"https:\/\/www.noonsilk.com\/en\/product\/pillowcase-deep-dark\/\" \/>\n<meta property=\"article:publisher\" content=\"https:\/\/www.facebook.com\/105396738135143\" \/>\n<meta property=\"article:modified_time\" content=\"2025-11-13T21:15:00+00:00\" \/>\n<meta property=\"og:image\" content=\"https:\/\/www.noonsilk.com\/wp-content\/uploads\/2022\/12\/k_poduszka_mala_duza_czarna-scaled.webp\" \/>\n\t<meta property=\"og:image:width\" content=\"1707\" \/>\n\t<meta property=\"og:image:height\" content=\"2560\" \/>\n\t<meta property=\"og:image:type\" content=\"image\/webp\" \/>\n<meta name=\"twitter:card\" content=\"summary_large_image\" \/>\n<script type=\"application\/ld+json\" class=\"yoast-schema-graph\">{\"@context\":\"https:\/\/schema.org\",\"@graph\":[{\"@type\":\"WebPage\",\"@id\":\"https:\/\/www.noonsilk.com\/product\/pillowcase-deep-dark\/\",\"url\":\"https:\/\/www.noonsilk.com\/product\/pillowcase-deep-dark\/\",\"name\":\"Pillowcase Deep Black -\",\"isPartOf\":{\"@id\":\"https:\/\/www.noonsilk.com\/en\/#website\"},\"datePublished\":\"2022-12-01T21:05:30+00:00\",\"dateModified\":\"2025-11-13T21:15:00+00:00\",\"description\":\"Jedwabne poszewki na poduszki - luksusowa propozycja dla mi\u0142o\u015bnik\u00f3w wysokiej jako\u015bci. Nasze poszewki wykonane s\u0105 z 100% naturalnego jedwabiu, dzi\u0119ki czemu s\u0105 delikatne i przyjemne w dotyku. Posiadamy szeroki wyb\u00f3r kolor\u00f3w i wzor\u00f3w, dzi\u0119ki czemu ka\u017cdy znajdzie co\u015b dla siebie. Zobacz nasz\u0105 ofert\u0119 ju\u017c dzi\u015b!\",\"breadcrumb\":{\"@id\":\"https:\/\/www.noonsilk.com\/product\/pillowcase-deep-dark\/#breadcrumb\"},\"inLanguage\":\"en-US\",\"potentialAction\":[{\"@type\":\"ReadAction\",\"target\":[\"https:\/\/www.noonsilk.com\/product\/pillowcase-deep-dark\/\"]}]},{\"@type\":\"BreadcrumbList\",\"@id\":\"https:\/\/www.noonsilk.com\/product\/pillowcase-deep-dark\/#breadcrumb\",\"itemListElement\":[{\"@type\":\"ListItem\",\"position\":1,\"name\":\"Strona g\u0142\u00f3wna\",\"item\":\"https:\/\/www.noonsilk.com\/\"},{\"@type\":\"ListItem\",\"position\":2,\"name\":\"Shop\",\"item\":\"https:\/\/www.noonsilk.com\/pl\/shop\/\"},{\"@type\":\"ListItem\",\"position\":3,\"name\":\"Pillowcase Deep Black\"}]},{\"@type\":\"WebSite\",\"@id\":\"https:\/\/www.noonsilk.com\/en\/#website\",\"url\":\"https:\/\/www.noonsilk.com\/en\/\",\"name\":\"\",\"description\":\"Noon\",\"publisher\":{\"@id\":\"https:\/\/www.noonsilk.com\/en\/#organization\"},\"potentialAction\":[{\"@type\":\"SearchAction\",\"target\":{\"@type\":\"EntryPoint\",\"urlTemplate\":\"https:\/\/www.noonsilk.com\/en\/?s={search_term_string}\"},\"query-input\":\"required name=search_term_string\"}],\"inLanguage\":\"en-US\"},{\"@type\":\"Organization\",\"@id\":\"https:\/\/www.noonsilk.com\/en\/#organization\",\"name\":\"Noon\",\"url\":\"https:\/\/www.noonsilk.com\/en\/\",\"logo\":{\"@type\":\"ImageObject\",\"inLanguage\":\"en-US\",\"@id\":\"https:\/\/www.noonsilk.com\/en\/#\/schema\/logo\/image\/\",\"url\":\"https:\/\/www.noonsilk.com\/wp-content\/uploads\/2021\/06\/cropped-logo_biale.jpg\",\"contentUrl\":\"https:\/\/www.noonsilk.com\/wp-content\/uploads\/2021\/06\/cropped-logo_biale.jpg\",\"width\":512,\"height\":512,\"caption\":\"Noon\"},\"image\":{\"@id\":\"https:\/\/www.noonsilk.com\/en\/#\/schema\/logo\/image\/\"},\"sameAs\":[\"https:\/\/www.facebook.com\/105396738135143\",\"https:\/\/www.instagram.com\/noon.silk\/\"]}]}<\/script>\n<!-- \/ Yoast SEO plugin. -->","yoast_head_json":{"title":"Pillowcase Deep Black -","description":"Jedwabne poszewki na poduszki - luksusowa propozycja dla mi\u0142o\u015bnik\u00f3w wysokiej jako\u015bci. Nasze poszewki wykonane s\u0105 z 100% naturalnego jedwabiu, dzi\u0119ki czemu s\u0105 delikatne i przyjemne w dotyku. Posiadamy szeroki wyb\u00f3r kolor\u00f3w i wzor\u00f3w, dzi\u0119ki czemu ka\u017cdy znajdzie co\u015b dla siebie. Zobacz nasz\u0105 ofert\u0119 ju\u017c dzi\u015b!","robots":{"index":"index","follow":"follow","max-snippet":"max-snippet:-1","max-image-preview":"max-image-preview:large","max-video-preview":"max-video-preview:-1"},"canonical":"https:\/\/www.noonsilk.com\/en\/product\/pillowcase-deep-dark\/","og_locale":"en_US","og_type":"article","og_title":"Pillowcase Deep Black -","og_description":"Jedwabne poszewki na poduszki - luksusowa propozycja dla mi\u0142o\u015bnik\u00f3w wysokiej jako\u015bci. Nasze poszewki wykonane s\u0105 z 100% naturalnego jedwabiu, dzi\u0119ki czemu s\u0105 delikatne i przyjemne w dotyku. Posiadamy szeroki wyb\u00f3r kolor\u00f3w i wzor\u00f3w, dzi\u0119ki czemu ka\u017cdy znajdzie co\u015b dla siebie. Zobacz nasz\u0105 ofert\u0119 ju\u017c dzi\u015b!","og_url":"https:\/\/www.noonsilk.com\/en\/product\/pillowcase-deep-dark\/","article_publisher":"https:\/\/www.facebook.com\/105396738135143","article_modified_time":"2025-11-13T21:15:00+00:00","og_image":[{"width":1707,"height":2560,"url":"https:\/\/www.noonsilk.com\/wp-content\/uploads\/2022\/12\/k_poduszka_mala_duza_czarna-scaled.webp","type":"image\/webp"}],"twitter_card":"summary_large_image","schema":{"@context":"https:\/\/schema.org","@graph":[{"@type":"WebPage","@id":"https:\/\/www.noonsilk.com\/product\/pillowcase-deep-dark\/","url":"https:\/\/www.noonsilk.com\/product\/pillowcase-deep-dark\/","name":"Pillowcase Deep Black -","isPartOf":{"@id":"https:\/\/www.noonsilk.com\/en\/#website"},"datePublished":"2022-12-01T21:05:30+00:00","dateModified":"2025-11-13T21:15:00+00:00","description":"Jedwabne poszewki na poduszki - luksusowa propozycja dla mi\u0142o\u015bnik\u00f3w wysokiej jako\u015bci. Nasze poszewki wykonane s\u0105 z 100% naturalnego jedwabiu, dzi\u0119ki czemu s\u0105 delikatne i przyjemne w dotyku. Posiadamy szeroki wyb\u00f3r kolor\u00f3w i wzor\u00f3w, dzi\u0119ki czemu ka\u017cdy znajdzie co\u015b dla siebie. Zobacz nasz\u0105 ofert\u0119 ju\u017c dzi\u015b!","breadcrumb":{"@id":"https:\/\/www.noonsilk.com\/product\/pillowcase-deep-dark\/#breadcrumb"},"inLanguage":"en-US","potentialAction":[{"@type":"ReadAction","target":["https:\/\/www.noonsilk.com\/product\/pillowcase-deep-dark\/"]}]},{"@type":"BreadcrumbList","@id":"https:\/\/www.noonsilk.com\/product\/pillowcase-deep-dark\/#breadcrumb","itemListElement":[{"@type":"ListItem","position":1,"name":"Strona g\u0142\u00f3wna","item":"https:\/\/www.noonsilk.com\/"},{"@type":"ListItem","position":2,"name":"Shop","item":"https:\/\/www.noonsilk.com\/pl\/shop\/"},{"@type":"ListItem","position":3,"name":"Pillowcase Deep Black"}]},{"@type":"WebSite","@id":"https:\/\/www.noonsilk.com\/en\/#website","url":"https:\/\/www.noonsilk.com\/en\/","name":"","description":"Noon","publisher":{"@id":"https:\/\/www.noonsilk.com\/en\/#organization"},"potentialAction":[{"@type":"SearchAction","target":{"@type":"EntryPoint","urlTemplate":"https:\/\/www.noonsilk.com\/en\/?s={search_term_string}"},"query-input":"required name=search_term_string"}],"inLanguage":"en-US"},{"@type":"Organization","@id":"https:\/\/www.noonsilk.com\/en\/#organization","name":"Noon","url":"https:\/\/www.noonsilk.com\/en\/","logo":{"@type":"ImageObject","inLanguage":"en-US","@id":"https:\/\/www.noonsilk.com\/en\/#\/schema\/logo\/image\/","url":"https:\/\/www.noonsilk.com\/wp-content\/uploads\/2021\/06\/cropped-logo_biale.jpg","contentUrl":"https:\/\/www.noonsilk.com\/wp-content\/uploads\/2021\/06\/cropped-logo_biale.jpg","width":512,"height":512,"caption":"Noon"},"image":{"@id":"https:\/\/www.noonsilk.com\/en\/#\/schema\/logo\/image\/"},"sameAs":["https:\/\/www.facebook.com\/105396738135143","https:\/\/www.instagram.com\/noon.silk\/"]}]}},"jetpack_sharing_enabled":true,"_links":{"self":[{"href":"https:\/\/www.noonsilk.com\/en\/wp-json\/wp\/v2\/product\/2159","targetHints":{"allow":["GET"]}}],"collection":[{"href":"https:\/\/www.noonsilk.com\/en\/wp-json\/wp\/v2\/product"}],"about":[{"href":"https:\/\/www.noonsilk.com\/en\/wp-json\/wp\/v2\/types\/product"}],"wp:featuredmedia":[{"embeddable":true,"href":"https:\/\/www.noonsilk.com\/en\/wp-json\/wp\/v2\/media\/2172"}],"wp:attachment":[{"href":"https:\/\/www.noonsilk.com\/en\/wp-json\/wp\/v2\/media?parent=2159"}],"wp:term":[{"taxonomy":"product_brand","embeddable":true,"href":"https:\/\/www.noonsilk.com\/en\/wp-json\/wp\/v2\/product_brand?post=2159"},{"taxonomy":"product_cat","embeddable":true,"href":"https:\/\/www.noonsilk.com\/en\/wp-json\/wp\/v2\/product_cat?post=2159"},{"taxonomy":"product_tag","embeddable":true,"href":"https:\/\/www.noonsilk.com\/en\/wp-json\/wp\/v2\/product_tag?post=2159"}],"curies":[{"name":"wp","href":"https:\/\/api.w.org\/{rel}","templated":true}]}}