{"id":869,"date":"2021-09-08T20:42:05","date_gmt":"2021-09-08T18:42:05","guid":{"rendered":"https:\/\/www.noonsilk.com\/?page_id=869"},"modified":"2023-04-21T14:24:36","modified_gmt":"2023-04-21T12:24:36","slug":"about-us-4","status":"publish","type":"page","link":"https:\/\/www.noonsilk.com\/en\/about-us-4\/","title":{"rendered":"ABOUT US"},"content":{"rendered":"<div class=\"row wpb_row row-fluid align-justify vc_custom_1582198694605\"><div class=\"wpb_column columns medium-6 thb-dark-column small-12\"><div class=\"vc_column-inner  \"><div class=\"wpb_wrapper \">\n\t<div class=\"wpb_text_column wpb_content_element  \" >\n\t\t<div class=\"wpb_wrapper\">\n\t\t\t\n\t\t<\/div>\n\t<\/div>\n<div class=\"vc_empty_space  vc_custom_1630952329818\" id=\"thb-empty-space-69d3753a8bb06\"  style=\"height: 26px\" ><span class=\"vc_empty_space_inner\"><\/span><\/div>\n\n\t<div class=\"wpb_text_column wpb_content_element   vc_custom_1637183018597\" >\n\t\t<div class=\"wpb_wrapper\">\n\t\t\t<p class=\"p1\">My name is Marta and I am the founder of the Noon brand. The idea for the business was born some time ago while watching my mother, who has been working in the tailoring industry for many years.<\/p>\n<p>&nbsp;<\/p>\n<p class=\"p1\">When I bought my first sewing machine in 2015, I had a lot of ideas in my head, but several years have passed since then and I decided to turn these ideas into something real. As a person inspired by tradition and following the current trends of the world, I would like to share with you handmade products made of high-quality materials. I chose Italian silk, which is not only classified as a beautiful, delicate fabric but also has so many benefits which have a remarkable effect on our skin and hair.<\/p>\n<p>&nbsp;<\/p>\n<p class=\"p1\">Creating products from this material allows me to make my dreams come true about owning a company and about creating something that will be an inseparable element of every person who values quality. The process of creation which is strictly connected to ecology, is a huge pleasure and responsibility for me and our team.<\/p>\n\n\t\t<\/div>\n\t<\/div>\n<div class=\"vc_empty_space\" id=\"thb-empty-space-69d3753a8be52\"  style=\"height: 26px\" ><span class=\"vc_empty_space_inner\"><\/span><\/div>\n<\/div><\/div><\/div><div class=\"wpb_column columns medium-6 thb-dark-column small-12\"><div class=\"vc_column-inner  \"><div class=\"wpb_wrapper \"><div class=\"vc_empty_space  vc_custom_1630952329818\" id=\"thb-empty-space-69d3753a8c31f\"  style=\"height: 26px\" ><span class=\"vc_empty_space_inner\"><\/span><\/div>\n\t<div id=\"thb-image-69d3753a8c3a9\" class=\"caption-style1  alignleft   thb_image_link wp-caption \">\n\t\t\t<div class=\"thb-image-inner size_100\">\n\t\t\t<img loading=\"lazy\" decoding=\"async\" width=\"1080\" height=\"1334\" src=\"data:image\/gif;base64,R0lGODlhAQABAAAAACH5BAEKAAEALAAAAAABAAEAAAICTAEAOw==\" class=\"thb_image    attachment-full thb-lazyload lazyload\" alt=\"\" title=\"onas\" data-src=\"https:\/\/www.noonsilk.com\/wp-content\/uploads\/2021\/06\/image_6483441-e1636391116412.jpg\" data-sizes=\"auto\" \/>\t\t\t\t\t<\/div>\n\t\t\t\t\t<\/div>\n  <\/div><\/div><\/div><\/div>\n","protected":false},"excerpt":{"rendered":"My name is Marta and I am the founder of the Noon brand. The idea for the business was born some time ago while watching my mother, who has been working in the tailoring industry for many years. &nbsp; When I bought my first sewing machine in 2015, I had a lot of ideas in&hellip;","protected":false},"author":1,"featured_media":0,"parent":0,"menu_order":0,"comment_status":"closed","ping_status":"closed","template":"","meta":{"_monsterinsights_skip_tracking":false,"_monsterinsights_sitenote_active":false,"_monsterinsights_sitenote_note":"","_monsterinsights_sitenote_category":0,"footnotes":""},"class_list":["post-869","page","type-page","status-publish","hentry"],"yoast_head":"<!-- This site is optimized with the Yoast SEO plugin v21.2 - https:\/\/yoast.com\/wordpress\/plugins\/seo\/ -->\n<title>O Nas - Noon Silk - projektowanie i szycie, rodzinna firma, jako\u015b\u0107 premium<\/title>\n<meta name=\"description\" content=\"Witajcie! Jestem Marta, za\u0142o\u017cycielk\u0105 marki Noon. Jako osoba z pasj\u0105 do krawiectwa i tradycji, postanowi\u0142am przeku\u0107 swoje pomys\u0142y na co\u015b namacalnego. Nasze produkty s\u0105 r\u0119cznie robione z w\u0142oskiego jedwabiu, co nie tylko zapewnia wysok\u0105 jako\u015b\u0107, ale r\u00f3wnie\u017c korzystnie wp\u0142ywa na kondycj\u0119 naszej sk\u00f3ry i w\u0142os\u00f3w. Jeste\u015bmy przekonani, \u017ce nasze wyroby zyskaj\u0105 uznanie u ka\u017cdej osoby ceni\u0105cej sobie jako\u015b\u0107 i dba\u0142o\u015b\u0107 o \u015brodowisko. Do\u0142\u0105cz do naszej spo\u0142eczno\u015bci i odkryj pi\u0119kno produkt\u00f3w marki Noon!\" \/>\n<meta name=\"robots\" content=\"index, follow, max-snippet:-1, max-image-preview:large, max-video-preview:-1\" \/>\n<link rel=\"canonical\" href=\"https:\/\/www.noonsilk.com\/en\/about-us-4\/\" \/>\n<meta property=\"og:locale\" content=\"en_US\" \/>\n<meta property=\"og:type\" content=\"article\" \/>\n<meta property=\"og:title\" content=\"O Nas - Noon Silk - projektowanie i szycie, rodzinna firma, jako\u015b\u0107 premium\" \/>\n<meta property=\"og:description\" content=\"Witajcie! Jestem Marta, za\u0142o\u017cycielk\u0105 marki Noon. Jako osoba z pasj\u0105 do krawiectwa i tradycji, postanowi\u0142am przeku\u0107 swoje pomys\u0142y na co\u015b namacalnego. Nasze produkty s\u0105 r\u0119cznie robione z w\u0142oskiego jedwabiu, co nie tylko zapewnia wysok\u0105 jako\u015b\u0107, ale r\u00f3wnie\u017c korzystnie wp\u0142ywa na kondycj\u0119 naszej sk\u00f3ry i w\u0142os\u00f3w. Jeste\u015bmy przekonani, \u017ce nasze wyroby zyskaj\u0105 uznanie u ka\u017cdej osoby ceni\u0105cej sobie jako\u015b\u0107 i dba\u0142o\u015b\u0107 o \u015brodowisko. Do\u0142\u0105cz do naszej spo\u0142eczno\u015bci i odkryj pi\u0119kno produkt\u00f3w marki Noon!\" \/>\n<meta property=\"og:url\" content=\"https:\/\/www.noonsilk.com\/en\/about-us-4\/\" \/>\n<meta property=\"article:publisher\" content=\"https:\/\/www.facebook.com\/105396738135143\" \/>\n<meta property=\"article:modified_time\" content=\"2023-04-21T12:24:36+00:00\" \/>\n<meta name=\"twitter:card\" content=\"summary_large_image\" \/>\n<meta name=\"twitter:label1\" content=\"Est. reading time\" \/>\n\t<meta name=\"twitter:data1\" content=\"1 minute\" \/>\n<script type=\"application\/ld+json\" class=\"yoast-schema-graph\">{\"@context\":\"https:\/\/schema.org\",\"@graph\":[{\"@type\":\"WebPage\",\"@id\":\"https:\/\/www.noonsilk.com\/en\/about-us-4\/\",\"url\":\"https:\/\/www.noonsilk.com\/en\/about-us-4\/\",\"name\":\"O Nas - Noon Silk - projektowanie i szycie, rodzinna firma, jako\u015b\u0107 premium\",\"isPartOf\":{\"@id\":\"https:\/\/www.noonsilk.com\/en\/#website\"},\"datePublished\":\"2021-09-08T18:42:05+00:00\",\"dateModified\":\"2023-04-21T12:24:36+00:00\",\"description\":\"Witajcie! Jestem Marta, za\u0142o\u017cycielk\u0105 marki Noon. Jako osoba z pasj\u0105 do krawiectwa i tradycji, postanowi\u0142am przeku\u0107 swoje pomys\u0142y na co\u015b namacalnego. Nasze produkty s\u0105 r\u0119cznie robione z w\u0142oskiego jedwabiu, co nie tylko zapewnia wysok\u0105 jako\u015b\u0107, ale r\u00f3wnie\u017c korzystnie wp\u0142ywa na kondycj\u0119 naszej sk\u00f3ry i w\u0142os\u00f3w. Jeste\u015bmy przekonani, \u017ce nasze wyroby zyskaj\u0105 uznanie u ka\u017cdej osoby ceni\u0105cej sobie jako\u015b\u0107 i dba\u0142o\u015b\u0107 o \u015brodowisko. Do\u0142\u0105cz do naszej spo\u0142eczno\u015bci i odkryj pi\u0119kno produkt\u00f3w marki Noon!\",\"breadcrumb\":{\"@id\":\"https:\/\/www.noonsilk.com\/en\/about-us-4\/#breadcrumb\"},\"inLanguage\":\"en-US\",\"potentialAction\":[{\"@type\":\"ReadAction\",\"target\":[\"https:\/\/www.noonsilk.com\/en\/about-us-4\/\"]}]},{\"@type\":\"BreadcrumbList\",\"@id\":\"https:\/\/www.noonsilk.com\/en\/about-us-4\/#breadcrumb\",\"itemListElement\":[{\"@type\":\"ListItem\",\"position\":1,\"name\":\"Strona g\u0142\u00f3wna\",\"item\":\"https:\/\/www.noonsilk.com\/\"},{\"@type\":\"ListItem\",\"position\":2,\"name\":\"ABOUT US\"}]},{\"@type\":\"WebSite\",\"@id\":\"https:\/\/www.noonsilk.com\/en\/#website\",\"url\":\"https:\/\/www.noonsilk.com\/en\/\",\"name\":\"\",\"description\":\"Noon\",\"publisher\":{\"@id\":\"https:\/\/www.noonsilk.com\/en\/#organization\"},\"potentialAction\":[{\"@type\":\"SearchAction\",\"target\":{\"@type\":\"EntryPoint\",\"urlTemplate\":\"https:\/\/www.noonsilk.com\/en\/?s={search_term_string}\"},\"query-input\":\"required name=search_term_string\"}],\"inLanguage\":\"en-US\"},{\"@type\":\"Organization\",\"@id\":\"https:\/\/www.noonsilk.com\/en\/#organization\",\"name\":\"Noon\",\"url\":\"https:\/\/www.noonsilk.com\/en\/\",\"logo\":{\"@type\":\"ImageObject\",\"inLanguage\":\"en-US\",\"@id\":\"https:\/\/www.noonsilk.com\/en\/#\/schema\/logo\/image\/\",\"url\":\"https:\/\/www.noonsilk.com\/wp-content\/uploads\/2021\/06\/cropped-logo_biale.jpg\",\"contentUrl\":\"https:\/\/www.noonsilk.com\/wp-content\/uploads\/2021\/06\/cropped-logo_biale.jpg\",\"width\":512,\"height\":512,\"caption\":\"Noon\"},\"image\":{\"@id\":\"https:\/\/www.noonsilk.com\/en\/#\/schema\/logo\/image\/\"},\"sameAs\":[\"https:\/\/www.facebook.com\/105396738135143\",\"https:\/\/www.instagram.com\/noon.silk\/\"]}]}<\/script>\n<!-- \/ Yoast SEO plugin. -->","yoast_head_json":{"title":"O Nas - Noon Silk - projektowanie i szycie, rodzinna firma, jako\u015b\u0107 premium","description":"Witajcie! Jestem Marta, za\u0142o\u017cycielk\u0105 marki Noon. Jako osoba z pasj\u0105 do krawiectwa i tradycji, postanowi\u0142am przeku\u0107 swoje pomys\u0142y na co\u015b namacalnego. Nasze produkty s\u0105 r\u0119cznie robione z w\u0142oskiego jedwabiu, co nie tylko zapewnia wysok\u0105 jako\u015b\u0107, ale r\u00f3wnie\u017c korzystnie wp\u0142ywa na kondycj\u0119 naszej sk\u00f3ry i w\u0142os\u00f3w. Jeste\u015bmy przekonani, \u017ce nasze wyroby zyskaj\u0105 uznanie u ka\u017cdej osoby ceni\u0105cej sobie jako\u015b\u0107 i dba\u0142o\u015b\u0107 o \u015brodowisko. Do\u0142\u0105cz do naszej spo\u0142eczno\u015bci i odkryj pi\u0119kno produkt\u00f3w marki Noon!","robots":{"index":"index","follow":"follow","max-snippet":"max-snippet:-1","max-image-preview":"max-image-preview:large","max-video-preview":"max-video-preview:-1"},"canonical":"https:\/\/www.noonsilk.com\/en\/about-us-4\/","og_locale":"en_US","og_type":"article","og_title":"O Nas - Noon Silk - projektowanie i szycie, rodzinna firma, jako\u015b\u0107 premium","og_description":"Witajcie! Jestem Marta, za\u0142o\u017cycielk\u0105 marki Noon. Jako osoba z pasj\u0105 do krawiectwa i tradycji, postanowi\u0142am przeku\u0107 swoje pomys\u0142y na co\u015b namacalnego. Nasze produkty s\u0105 r\u0119cznie robione z w\u0142oskiego jedwabiu, co nie tylko zapewnia wysok\u0105 jako\u015b\u0107, ale r\u00f3wnie\u017c korzystnie wp\u0142ywa na kondycj\u0119 naszej sk\u00f3ry i w\u0142os\u00f3w. Jeste\u015bmy przekonani, \u017ce nasze wyroby zyskaj\u0105 uznanie u ka\u017cdej osoby ceni\u0105cej sobie jako\u015b\u0107 i dba\u0142o\u015b\u0107 o \u015brodowisko. Do\u0142\u0105cz do naszej spo\u0142eczno\u015bci i odkryj pi\u0119kno produkt\u00f3w marki Noon!","og_url":"https:\/\/www.noonsilk.com\/en\/about-us-4\/","article_publisher":"https:\/\/www.facebook.com\/105396738135143","article_modified_time":"2023-04-21T12:24:36+00:00","twitter_card":"summary_large_image","twitter_misc":{"Est. reading time":"1 minute"},"schema":{"@context":"https:\/\/schema.org","@graph":[{"@type":"WebPage","@id":"https:\/\/www.noonsilk.com\/en\/about-us-4\/","url":"https:\/\/www.noonsilk.com\/en\/about-us-4\/","name":"O Nas - Noon Silk - projektowanie i szycie, rodzinna firma, jako\u015b\u0107 premium","isPartOf":{"@id":"https:\/\/www.noonsilk.com\/en\/#website"},"datePublished":"2021-09-08T18:42:05+00:00","dateModified":"2023-04-21T12:24:36+00:00","description":"Witajcie! Jestem Marta, za\u0142o\u017cycielk\u0105 marki Noon. Jako osoba z pasj\u0105 do krawiectwa i tradycji, postanowi\u0142am przeku\u0107 swoje pomys\u0142y na co\u015b namacalnego. Nasze produkty s\u0105 r\u0119cznie robione z w\u0142oskiego jedwabiu, co nie tylko zapewnia wysok\u0105 jako\u015b\u0107, ale r\u00f3wnie\u017c korzystnie wp\u0142ywa na kondycj\u0119 naszej sk\u00f3ry i w\u0142os\u00f3w. Jeste\u015bmy przekonani, \u017ce nasze wyroby zyskaj\u0105 uznanie u ka\u017cdej osoby ceni\u0105cej sobie jako\u015b\u0107 i dba\u0142o\u015b\u0107 o \u015brodowisko. Do\u0142\u0105cz do naszej spo\u0142eczno\u015bci i odkryj pi\u0119kno produkt\u00f3w marki Noon!","breadcrumb":{"@id":"https:\/\/www.noonsilk.com\/en\/about-us-4\/#breadcrumb"},"inLanguage":"en-US","potentialAction":[{"@type":"ReadAction","target":["https:\/\/www.noonsilk.com\/en\/about-us-4\/"]}]},{"@type":"BreadcrumbList","@id":"https:\/\/www.noonsilk.com\/en\/about-us-4\/#breadcrumb","itemListElement":[{"@type":"ListItem","position":1,"name":"Strona g\u0142\u00f3wna","item":"https:\/\/www.noonsilk.com\/"},{"@type":"ListItem","position":2,"name":"ABOUT US"}]},{"@type":"WebSite","@id":"https:\/\/www.noonsilk.com\/en\/#website","url":"https:\/\/www.noonsilk.com\/en\/","name":"","description":"Noon","publisher":{"@id":"https:\/\/www.noonsilk.com\/en\/#organization"},"potentialAction":[{"@type":"SearchAction","target":{"@type":"EntryPoint","urlTemplate":"https:\/\/www.noonsilk.com\/en\/?s={search_term_string}"},"query-input":"required name=search_term_string"}],"inLanguage":"en-US"},{"@type":"Organization","@id":"https:\/\/www.noonsilk.com\/en\/#organization","name":"Noon","url":"https:\/\/www.noonsilk.com\/en\/","logo":{"@type":"ImageObject","inLanguage":"en-US","@id":"https:\/\/www.noonsilk.com\/en\/#\/schema\/logo\/image\/","url":"https:\/\/www.noonsilk.com\/wp-content\/uploads\/2021\/06\/cropped-logo_biale.jpg","contentUrl":"https:\/\/www.noonsilk.com\/wp-content\/uploads\/2021\/06\/cropped-logo_biale.jpg","width":512,"height":512,"caption":"Noon"},"image":{"@id":"https:\/\/www.noonsilk.com\/en\/#\/schema\/logo\/image\/"},"sameAs":["https:\/\/www.facebook.com\/105396738135143","https:\/\/www.instagram.com\/noon.silk\/"]}]}},"jetpack_sharing_enabled":true,"_links":{"self":[{"href":"https:\/\/www.noonsilk.com\/en\/wp-json\/wp\/v2\/pages\/869","targetHints":{"allow":["GET"]}}],"collection":[{"href":"https:\/\/www.noonsilk.com\/en\/wp-json\/wp\/v2\/pages"}],"about":[{"href":"https:\/\/www.noonsilk.com\/en\/wp-json\/wp\/v2\/types\/page"}],"author":[{"embeddable":true,"href":"https:\/\/www.noonsilk.com\/en\/wp-json\/wp\/v2\/users\/1"}],"replies":[{"embeddable":true,"href":"https:\/\/www.noonsilk.com\/en\/wp-json\/wp\/v2\/comments?post=869"}],"version-history":[{"count":8,"href":"https:\/\/www.noonsilk.com\/en\/wp-json\/wp\/v2\/pages\/869\/revisions"}],"predecessor-version":[{"id":1985,"href":"https:\/\/www.noonsilk.com\/en\/wp-json\/wp\/v2\/pages\/869\/revisions\/1985"}],"wp:attachment":[{"href":"https:\/\/www.noonsilk.com\/en\/wp-json\/wp\/v2\/media?parent=869"}],"curies":[{"name":"wp","href":"https:\/\/api.w.org\/{rel}","templated":true}]}}