{"id":859,"date":"2021-09-08T20:27:51","date_gmt":"2021-09-08T18:27:51","guid":{"rendered":"https:\/\/www.noonsilk.com\/?page_id=859"},"modified":"2023-04-26T21:30:43","modified_gmt":"2023-04-26T19:30:43","slug":"we-are-eco","status":"publish","type":"page","link":"https:\/\/www.noonsilk.com\/en\/we-are-eco\/","title":{"rendered":"WE ARE ECO"},"content":{"rendered":"<div class=\"row wpb_row row-fluid align-justify vc_custom_1582198694605\"><div class=\"wpb_column columns medium-6 thb-dark-column small-12\"><div class=\"vc_column-inner  \"><div class=\"wpb_wrapper \">\n\t<div class=\"wpb_text_column wpb_content_element  \" >\n\t\t<div class=\"wpb_wrapper\">\n\t\t\t\n\t\t<\/div>\n\t<\/div>\n<div class=\"vc_empty_space  vc_custom_1630952329818\" id=\"thb-empty-space-69e1bf477c6dc\"  style=\"height: 26px\" ><span class=\"vc_empty_space_inner\"><\/span><\/div>\n\n\t<div class=\"wpb_text_column wpb_content_element   vc_custom_1639009372034\" >\n\t\t<div class=\"wpb_wrapper\">\n\t\t\t<p class=\"p1 entry-content\">We can proudly say that from the very beginning our main goal was to be environmentally friendly while creating this new collection. From production to development, every step is responsible end eco-friendly. This was most important to us \u2013 to take care of our planet.<\/p>\n<p class=\"p1\">Each product is created by a small manufacturer in Poland. Our goal is to build long-lasting relationships with our suppliers and subcontractors, which will be based on trust and teamwork.<\/p>\n<p class=\"p1\">When sending parcels, we use cardboard packaging made of at least 90% recycled materials, which are fully biodegradable. The paper with which the parcels are filled is thin paper with a weight of 20 gr \/ mm 2, that&#8217;s why it is called silk paper. FSC certified (Forest Stewardship Council).<\/p>\n<p class=\"p1\">The labels attached to the products are made of 100% cotton and are the color of natural cotton.<\/p>\n\n\t\t<\/div>\n\t<\/div>\n<div class=\"vc_empty_space\" id=\"thb-empty-space-69e1bf477ca01\"  style=\"height: 26px\" ><span class=\"vc_empty_space_inner\"><\/span><\/div>\n<\/div><\/div><\/div><div class=\"wpb_column columns medium-6 thb-dark-column small-12\"><div class=\"vc_column-inner  \"><div class=\"wpb_wrapper \"><div class=\"vc_empty_space\" id=\"thb-empty-space-69e1bf477cf69\"  style=\"height: 26px\" ><span class=\"vc_empty_space_inner\"><\/span><\/div>\n\n\t<div  class=\"wpb_single_image wpb_content_element vc_align_left\">\n\t\t\n\t\t<figure class=\"wpb_wrapper vc_figure\">\n\t\t\t<div class=\"vc_single_image-wrapper   vc_box_border_grey\"><img loading=\"lazy\" decoding=\"async\" width=\"1366\" height=\"768\" src=\"data:image\/gif;base64,R0lGODlhAQABAAAAACH5BAEKAAEALAAAAAABAAEAAAICTAEAOw==\" class=\"vc_single_image-img attachment-full thb-lazyload lazyload\" alt=\"\" title=\"we_are_Eco\" sizes=\"auto, (max-width: 1366px) 100vw, 1366px\" data-src=\"https:\/\/www.noonsilk.com\/wp-content\/uploads\/2021\/12\/we_are_Eco.png\" data-sizes=\"auto\" data-srcset=\"https:\/\/www.noonsilk.com\/wp-content\/uploads\/2021\/12\/we_are_Eco.png 1366w, https:\/\/www.noonsilk.com\/wp-content\/uploads\/2021\/12\/we_are_Eco-1200x675.png 1200w, https:\/\/www.noonsilk.com\/wp-content\/uploads\/2021\/12\/we_are_Eco-300x169.png 300w, https:\/\/www.noonsilk.com\/wp-content\/uploads\/2021\/12\/we_are_Eco-1024x576.png 1024w, https:\/\/www.noonsilk.com\/wp-content\/uploads\/2021\/12\/we_are_Eco-768x432.png 768w, https:\/\/www.noonsilk.com\/wp-content\/uploads\/2021\/12\/we_are_Eco-18x10.png 18w, https:\/\/www.noonsilk.com\/wp-content\/uploads\/2021\/12\/we_are_Eco-855x481.png 855w, https:\/\/www.noonsilk.com\/wp-content\/uploads\/2021\/12\/we_are_Eco-20x11.png 20w, https:\/\/www.noonsilk.com\/wp-content\/uploads\/2021\/12\/we_are_Eco-290x163.png 290w, https:\/\/www.noonsilk.com\/wp-content\/uploads\/2021\/12\/we_are_Eco-1320x742.png 1320w\" \/><\/div>\n\t\t<\/figure>\n\t<\/div>\n<div class=\"vc_empty_space\" id=\"thb-empty-space-69e1bf477e1dc\"  style=\"height: 6px\" ><span class=\"vc_empty_space_inner\"><\/span><\/div>\n<\/div><\/div><\/div><\/div><div class=\"row wpb_row row-fluid\"><div class=\"wpb_column columns medium-12 thb-dark-column small-12\"><div class=\"vc_column-inner  \"><div class=\"wpb_wrapper \"><div class=\"vc_empty_space\" id=\"thb-empty-space-69e1bf477e8c7\"  style=\"height: 18px\" ><span class=\"vc_empty_space_inner\"><\/span><\/div>\n<\/div><\/div><\/div><\/div>\n","protected":false},"excerpt":{"rendered":"We can proudly say that from the very beginning our main goal was to be environmentally friendly while creating this new collection. From production to development, every step is responsible end eco-friendly. This was most important to us \u2013 to take care of our planet. Each product is created by a small manufacturer in Poland.&hellip;","protected":false},"author":1,"featured_media":0,"parent":0,"menu_order":0,"comment_status":"closed","ping_status":"closed","template":"","meta":{"_monsterinsights_skip_tracking":false,"_monsterinsights_sitenote_active":false,"_monsterinsights_sitenote_note":"","_monsterinsights_sitenote_category":0,"footnotes":""},"class_list":["post-859","page","type-page","status-publish","hentry"],"yoast_head":"<!-- This site is optimized with the Yoast SEO plugin v21.2 - https:\/\/yoast.com\/wordpress\/plugins\/seo\/ -->\n<title>WE ARE ECO - dbajmy o siebie nawzajem<\/title>\n<meta name=\"description\" content=\"Wszystkie produkty s\u0105 tworzone w niewielkiej pracowni w Polsce. Naszym celem jest budowanie trwa\u0142ych relacji z dostawcami i podwykonawcami, kt\u00f3re b\u0119d\u0105 polega\u0142y na wzajemnym zaufaniu i wsp\u00f3\u0142pracy.\" \/>\n<meta name=\"robots\" content=\"index, follow, max-snippet:-1, max-image-preview:large, max-video-preview:-1\" \/>\n<link rel=\"canonical\" href=\"https:\/\/www.noonsilk.com\/en\/we-are-eco\/\" \/>\n<meta property=\"og:locale\" content=\"en_US\" \/>\n<meta property=\"og:type\" content=\"article\" \/>\n<meta property=\"og:title\" content=\"WE ARE ECO - dbajmy o siebie nawzajem\" \/>\n<meta property=\"og:description\" content=\"Wszystkie produkty s\u0105 tworzone w niewielkiej pracowni w Polsce. Naszym celem jest budowanie trwa\u0142ych relacji z dostawcami i podwykonawcami, kt\u00f3re b\u0119d\u0105 polega\u0142y na wzajemnym zaufaniu i wsp\u00f3\u0142pracy.\" \/>\n<meta property=\"og:url\" content=\"https:\/\/www.noonsilk.com\/en\/we-are-eco\/\" \/>\n<meta property=\"article:publisher\" content=\"https:\/\/www.facebook.com\/105396738135143\" \/>\n<meta property=\"article:modified_time\" content=\"2023-04-26T19:30:43+00:00\" \/>\n<meta name=\"twitter:card\" content=\"summary_large_image\" \/>\n<meta name=\"twitter:label1\" content=\"Est. reading time\" \/>\n\t<meta name=\"twitter:data1\" content=\"1 minute\" \/>\n<script type=\"application\/ld+json\" class=\"yoast-schema-graph\">{\"@context\":\"https:\/\/schema.org\",\"@graph\":[{\"@type\":\"WebPage\",\"@id\":\"https:\/\/www.noonsilk.com\/pl\/we-are-eco\/\",\"url\":\"https:\/\/www.noonsilk.com\/pl\/we-are-eco\/\",\"name\":\"WE ARE ECO - dbajmy o siebie nawzajem\",\"isPartOf\":{\"@id\":\"https:\/\/www.noonsilk.com\/en\/#website\"},\"datePublished\":\"2021-09-08T18:27:51+00:00\",\"dateModified\":\"2023-04-26T19:30:43+00:00\",\"description\":\"Wszystkie produkty s\u0105 tworzone w niewielkiej pracowni w Polsce. Naszym celem jest budowanie trwa\u0142ych relacji z dostawcami i podwykonawcami, kt\u00f3re b\u0119d\u0105 polega\u0142y na wzajemnym zaufaniu i wsp\u00f3\u0142pracy.\",\"breadcrumb\":{\"@id\":\"https:\/\/www.noonsilk.com\/pl\/we-are-eco\/#breadcrumb\"},\"inLanguage\":\"en-US\",\"potentialAction\":[{\"@type\":\"ReadAction\",\"target\":[\"https:\/\/www.noonsilk.com\/pl\/we-are-eco\/\"]}]},{\"@type\":\"BreadcrumbList\",\"@id\":\"https:\/\/www.noonsilk.com\/pl\/we-are-eco\/#breadcrumb\",\"itemListElement\":[{\"@type\":\"ListItem\",\"position\":1,\"name\":\"Strona g\u0142\u00f3wna\",\"item\":\"https:\/\/www.noonsilk.com\/\"},{\"@type\":\"ListItem\",\"position\":2,\"name\":\"WE ARE ECO\"}]},{\"@type\":\"WebSite\",\"@id\":\"https:\/\/www.noonsilk.com\/en\/#website\",\"url\":\"https:\/\/www.noonsilk.com\/en\/\",\"name\":\"\",\"description\":\"Noon\",\"publisher\":{\"@id\":\"https:\/\/www.noonsilk.com\/en\/#organization\"},\"potentialAction\":[{\"@type\":\"SearchAction\",\"target\":{\"@type\":\"EntryPoint\",\"urlTemplate\":\"https:\/\/www.noonsilk.com\/en\/?s={search_term_string}\"},\"query-input\":\"required name=search_term_string\"}],\"inLanguage\":\"en-US\"},{\"@type\":\"Organization\",\"@id\":\"https:\/\/www.noonsilk.com\/en\/#organization\",\"name\":\"Noon\",\"url\":\"https:\/\/www.noonsilk.com\/en\/\",\"logo\":{\"@type\":\"ImageObject\",\"inLanguage\":\"en-US\",\"@id\":\"https:\/\/www.noonsilk.com\/en\/#\/schema\/logo\/image\/\",\"url\":\"https:\/\/www.noonsilk.com\/wp-content\/uploads\/2021\/06\/cropped-logo_biale.jpg\",\"contentUrl\":\"https:\/\/www.noonsilk.com\/wp-content\/uploads\/2021\/06\/cropped-logo_biale.jpg\",\"width\":512,\"height\":512,\"caption\":\"Noon\"},\"image\":{\"@id\":\"https:\/\/www.noonsilk.com\/en\/#\/schema\/logo\/image\/\"},\"sameAs\":[\"https:\/\/www.facebook.com\/105396738135143\",\"https:\/\/www.instagram.com\/noon.silk\/\"]}]}<\/script>\n<!-- \/ Yoast SEO plugin. -->","yoast_head_json":{"title":"WE ARE ECO - dbajmy o siebie nawzajem","description":"Wszystkie produkty s\u0105 tworzone w niewielkiej pracowni w Polsce. Naszym celem jest budowanie trwa\u0142ych relacji z dostawcami i podwykonawcami, kt\u00f3re b\u0119d\u0105 polega\u0142y na wzajemnym zaufaniu i wsp\u00f3\u0142pracy.","robots":{"index":"index","follow":"follow","max-snippet":"max-snippet:-1","max-image-preview":"max-image-preview:large","max-video-preview":"max-video-preview:-1"},"canonical":"https:\/\/www.noonsilk.com\/en\/we-are-eco\/","og_locale":"en_US","og_type":"article","og_title":"WE ARE ECO - dbajmy o siebie nawzajem","og_description":"Wszystkie produkty s\u0105 tworzone w niewielkiej pracowni w Polsce. Naszym celem jest budowanie trwa\u0142ych relacji z dostawcami i podwykonawcami, kt\u00f3re b\u0119d\u0105 polega\u0142y na wzajemnym zaufaniu i wsp\u00f3\u0142pracy.","og_url":"https:\/\/www.noonsilk.com\/en\/we-are-eco\/","article_publisher":"https:\/\/www.facebook.com\/105396738135143","article_modified_time":"2023-04-26T19:30:43+00:00","twitter_card":"summary_large_image","twitter_misc":{"Est. reading time":"1 minute"},"schema":{"@context":"https:\/\/schema.org","@graph":[{"@type":"WebPage","@id":"https:\/\/www.noonsilk.com\/pl\/we-are-eco\/","url":"https:\/\/www.noonsilk.com\/pl\/we-are-eco\/","name":"WE ARE ECO - dbajmy o siebie nawzajem","isPartOf":{"@id":"https:\/\/www.noonsilk.com\/en\/#website"},"datePublished":"2021-09-08T18:27:51+00:00","dateModified":"2023-04-26T19:30:43+00:00","description":"Wszystkie produkty s\u0105 tworzone w niewielkiej pracowni w Polsce. Naszym celem jest budowanie trwa\u0142ych relacji z dostawcami i podwykonawcami, kt\u00f3re b\u0119d\u0105 polega\u0142y na wzajemnym zaufaniu i wsp\u00f3\u0142pracy.","breadcrumb":{"@id":"https:\/\/www.noonsilk.com\/pl\/we-are-eco\/#breadcrumb"},"inLanguage":"en-US","potentialAction":[{"@type":"ReadAction","target":["https:\/\/www.noonsilk.com\/pl\/we-are-eco\/"]}]},{"@type":"BreadcrumbList","@id":"https:\/\/www.noonsilk.com\/pl\/we-are-eco\/#breadcrumb","itemListElement":[{"@type":"ListItem","position":1,"name":"Strona g\u0142\u00f3wna","item":"https:\/\/www.noonsilk.com\/"},{"@type":"ListItem","position":2,"name":"WE ARE ECO"}]},{"@type":"WebSite","@id":"https:\/\/www.noonsilk.com\/en\/#website","url":"https:\/\/www.noonsilk.com\/en\/","name":"","description":"Noon","publisher":{"@id":"https:\/\/www.noonsilk.com\/en\/#organization"},"potentialAction":[{"@type":"SearchAction","target":{"@type":"EntryPoint","urlTemplate":"https:\/\/www.noonsilk.com\/en\/?s={search_term_string}"},"query-input":"required name=search_term_string"}],"inLanguage":"en-US"},{"@type":"Organization","@id":"https:\/\/www.noonsilk.com\/en\/#organization","name":"Noon","url":"https:\/\/www.noonsilk.com\/en\/","logo":{"@type":"ImageObject","inLanguage":"en-US","@id":"https:\/\/www.noonsilk.com\/en\/#\/schema\/logo\/image\/","url":"https:\/\/www.noonsilk.com\/wp-content\/uploads\/2021\/06\/cropped-logo_biale.jpg","contentUrl":"https:\/\/www.noonsilk.com\/wp-content\/uploads\/2021\/06\/cropped-logo_biale.jpg","width":512,"height":512,"caption":"Noon"},"image":{"@id":"https:\/\/www.noonsilk.com\/en\/#\/schema\/logo\/image\/"},"sameAs":["https:\/\/www.facebook.com\/105396738135143","https:\/\/www.instagram.com\/noon.silk\/"]}]}},"jetpack_sharing_enabled":true,"_links":{"self":[{"href":"https:\/\/www.noonsilk.com\/en\/wp-json\/wp\/v2\/pages\/859","targetHints":{"allow":["GET"]}}],"collection":[{"href":"https:\/\/www.noonsilk.com\/en\/wp-json\/wp\/v2\/pages"}],"about":[{"href":"https:\/\/www.noonsilk.com\/en\/wp-json\/wp\/v2\/types\/page"}],"author":[{"embeddable":true,"href":"https:\/\/www.noonsilk.com\/en\/wp-json\/wp\/v2\/users\/1"}],"replies":[{"embeddable":true,"href":"https:\/\/www.noonsilk.com\/en\/wp-json\/wp\/v2\/comments?post=859"}],"version-history":[{"count":22,"href":"https:\/\/www.noonsilk.com\/en\/wp-json\/wp\/v2\/pages\/859\/revisions"}],"predecessor-version":[{"id":1958,"href":"https:\/\/www.noonsilk.com\/en\/wp-json\/wp\/v2\/pages\/859\/revisions\/1958"}],"wp:attachment":[{"href":"https:\/\/www.noonsilk.com\/en\/wp-json\/wp\/v2\/media?parent=859"}],"curies":[{"name":"wp","href":"https:\/\/api.w.org\/{rel}","templated":true}]}}